{"id":3972,"date":"2024-04-03T15:33:50","date_gmt":"2024-04-03T18:33:50","guid":{"rendered":"https:\/\/dspbiomedical.com.br\/?page_id=3972"},"modified":"2024-04-03T15:48:56","modified_gmt":"2024-04-03T18:48:56","slug":"sobre-ifus","status":"publish","type":"page","link":"https:\/\/dspbiomedical.com.br\/en\/sobre-ifus\/","title":{"rendered":"Sobre Ifus"},"content":{"rendered":"<div data-elementor-type=\"wp-page\" data-elementor-id=\"3972\" class=\"elementor elementor-3972\" data-elementor-post-type=\"page\">\n\t\t\t\t<div class=\"elementor-element elementor-element-e6c6fdc e-flex e-con-boxed e-con e-parent\" data-id=\"e6c6fdc\" data-element_type=\"container\" data-e-type=\"container\">\n\t\t\t\t\t<div class=\"e-con-inner\">\n\t\t\t\t<div class=\"elementor-element elementor-element-6d16358 elementor-nav-menu__align-center elementor-nav-menu--dropdown-none elementor-widget elementor-widget-nav-menu\" data-id=\"6d16358\" data-element_type=\"widget\" data-e-type=\"widget\" data-settings=\"{&quot;layout&quot;:&quot;horizontal&quot;,&quot;submenu_icon&quot;:{&quot;value&quot;:&quot;&lt;svg aria-hidden=\\&quot;true\\&quot; class=\\&quot;e-font-icon-svg e-fas-caret-down\\&quot; viewBox=\\&quot;0 0 320 512\\&quot; xmlns=\\&quot;http:\\\/\\\/www.w3.org\\\/2000\\\/svg\\&quot;&gt;&lt;path d=\\&quot;M31.3 192h257.3c17.8 0 26.7 21.5 14.1 34.1L174.1 354.8c-7.8 7.8-20.5 7.8-28.3 0L17.2 226.1C4.6 213.5 13.5 192 31.3 192z\\&quot;&gt;&lt;\\\/path&gt;&lt;\\\/svg&gt;&quot;,&quot;library&quot;:&quot;fa-solid&quot;}}\" data-widget_type=\"nav-menu.default\">\n\t\t\t\t<div class=\"elementor-widget-container\">\n\t\t\t\t\t\t\t\t<nav aria-label=\"Menu\" class=\"elementor-nav-menu--main elementor-nav-menu__container elementor-nav-menu--layout-horizontal e--pointer-underline e--animation-fade\">\n\t\t\t\t<ul id=\"menu-1-6d16358\" class=\"elementor-nav-menu\"><li class=\"menu-item menu-item-type-post_type menu-item-object-page menu-item-3885\"><a href=\"https:\/\/dspbiomedical.com.br\/en\/ifu\/\" class=\"elementor-item\">Buscar IFUs<\/a><\/li>\n<li class=\"menu-item menu-item-type-post_type menu-item-object-page menu-item-4004\"><a href=\"https:\/\/dspbiomedical.com.br\/en\/sobre-ifus\/\" class=\"elementor-item\">Sobre<\/a><\/li>\n<li class=\"menu-item menu-item-type-post_type menu-item-object-page menu-item-4005\"><a href=\"https:\/\/dspbiomedical.com.br\/en\/aviso-legal\/\" class=\"elementor-item\">Aviso legal<\/a><\/li>\n<li class=\"menu-item menu-item-type-post_type menu-item-object-page menu-item-4006\"><a href=\"https:\/\/dspbiomedical.com.br\/en\/ifus-arquivadas\/\" class=\"elementor-item\">IFUs arquivadas<\/a><\/li>\n<\/ul>\t\t\t<\/nav>\n\t\t\t\t\t\t<nav class=\"elementor-nav-menu--dropdown elementor-nav-menu__container\" aria-hidden=\"true\">\n\t\t\t\t<ul id=\"menu-2-6d16358\" class=\"elementor-nav-menu\"><li class=\"menu-item menu-item-type-post_type menu-item-object-page menu-item-3885\"><a href=\"https:\/\/dspbiomedical.com.br\/en\/ifu\/\" class=\"elementor-item\" tabindex=\"-1\">Buscar IFUs<\/a><\/li>\n<li class=\"menu-item menu-item-type-post_type menu-item-object-page menu-item-4004\"><a href=\"https:\/\/dspbiomedical.com.br\/en\/sobre-ifus\/\" class=\"elementor-item\" tabindex=\"-1\">Sobre<\/a><\/li>\n<li class=\"menu-item menu-item-type-post_type menu-item-object-page menu-item-4005\"><a href=\"https:\/\/dspbiomedical.com.br\/en\/aviso-legal\/\" class=\"elementor-item\" tabindex=\"-1\">Aviso legal<\/a><\/li>\n<li class=\"menu-item menu-item-type-post_type menu-item-object-page menu-item-4006\"><a href=\"https:\/\/dspbiomedical.com.br\/en\/ifus-arquivadas\/\" class=\"elementor-item\" tabindex=\"-1\">IFUs arquivadas<\/a><\/li>\n<\/ul>\t\t\t<\/nav>\n\t\t\t\t\t\t<\/div>\n\t\t\t\t<\/div>\n\t\t\t\t\t<\/div>\n\t\t\t\t<\/div>\n\t\t<div class=\"elementor-element elementor-element-18f6be6 e-con-full e-flex e-con e-parent\" data-id=\"18f6be6\" data-element_type=\"container\" data-e-type=\"container\">\n\t\t<div class=\"elementor-element elementor-element-7460dc4 e-flex e-con-boxed e-con e-child\" data-id=\"7460dc4\" data-element_type=\"container\" data-e-type=\"container\">\n\t\t\t\t\t<div class=\"e-con-inner\">\n\t\t\t\t<div class=\"elementor-element elementor-element-1e0a1dc elementor-view-default elementor-widget elementor-widget-icon\" data-id=\"1e0a1dc\" data-element_type=\"widget\" data-e-type=\"widget\" data-widget_type=\"icon.default\">\n\t\t\t\t<div class=\"elementor-widget-container\">\n\t\t\t\t\t\t\t<div class=\"elementor-icon-wrapper\">\n\t\t\t<div class=\"elementor-icon\">\n\t\t\t<svg aria-hidden=\"true\" class=\"e-font-icon-svg e-fas-caret-right\" viewbox=\"0 0 192 512\" xmlns=\"http:\/\/www.w3.org\/2000\/svg\"><path d=\"M0 384.662V127.338c0-17.818 21.543-26.741 34.142-14.142l128.662 128.662c7.81 7.81 7.81 20.474 0 28.284L34.142 398.804C21.543 411.404 0 402.48 0 384.662z\"><\/path><\/svg>\t\t\t<\/div>\n\t\t<\/div>\n\t\t\t\t\t\t<\/div>\n\t\t\t\t<\/div>\n\t\t\t\t<div class=\"elementor-element elementor-element-ff66092 elementor-widget elementor-widget-heading\" data-id=\"ff66092\" data-element_type=\"widget\" data-e-type=\"widget\" data-widget_type=\"heading.default\">\n\t\t\t\t<div class=\"elementor-widget-container\">\n\t\t\t\t\t<h2 class=\"elementor-heading-title elementor-size-default\">SOBRE<\/h2>\t\t\t\t<\/div>\n\t\t\t\t<\/div>\n\t\t\t\t\t<\/div>\n\t\t\t\t<\/div>\n\t\t<div class=\"elementor-element elementor-element-6aceddd e-flex e-con-boxed e-con e-child\" data-id=\"6aceddd\" data-element_type=\"container\" data-e-type=\"container\" data-settings=\"{&quot;background_background&quot;:&quot;classic&quot;}\">\n\t\t\t\t\t<div class=\"e-con-inner\">\n\t\t\t\t<div class=\"elementor-element elementor-element-917e48f elementor-widget elementor-widget-text-editor\" data-id=\"917e48f\" data-element_type=\"widget\" data-e-type=\"widget\" data-widget_type=\"text-editor.default\">\n\t\t\t\t<div class=\"elementor-widget-container\">\n\t\t\t\t\t\t\t\t\t<p>Voc\u00ea acessou o sistema DSP IFU. Este \u00e1rea foi desenvolvida para fornecer instru\u00e7\u00f5es de uso e outros documentos on-line de forma segura, de acordo com regulamenta\u00e7\u00f5es internacionais.<\/p><p>Basta digitar o c\u00f3digo da IFU que se encontra na etiqueta do produto e voc\u00ea ter\u00e1 acesso direto \u00e0 vers\u00e3o vigente das Instru\u00e7\u00f5es de Uso que procura.<\/p><p>Caso necessite, \u00e9 poss\u00edvel recuperar as vers\u00f5es anteriores das Instru\u00e7\u00f5es de Uso. Basta acessar o menu IFU\u2019s arquivadas.<\/p><p>Se desejar receber uma vers\u00e3o impressa da IFU, solicite-a pelo SAC 0800 600 88 66 ou ao seu distribuidor. A instru\u00e7\u00e3o de uso ser\u00e1 fornecida sem custos em um prazo m\u00e1ximo de 7 dias.<\/p><p>Para mais informa\u00e7\u00f5es sobre esse servi\u00e7o contate-nos: <a href=\"mailto:qualidade@dspbiomedical.com.br\"><strong>Clique aqui<\/strong><\/a><\/p><p>\u201cpensar no verde\u2026\u201d<\/p>\t\t\t\t\t\t\t\t<\/div>\n\t\t\t\t<\/div>\n\t\t\t\t\t<\/div>\n\t\t\t\t<\/div>\n\t\t\t\t<div class=\"elementor-element elementor-element-b5f1c6a elementor-mobile-align-center elementor-align-center elementor-widget elementor-widget-button\" data-id=\"b5f1c6a\" data-element_type=\"widget\" data-e-type=\"widget\" data-widget_type=\"button.default\">\n\t\t\t\t<div class=\"elementor-widget-container\">\n\t\t\t\t\t\t\t\t\t<div class=\"elementor-button-wrapper\">\n\t\t\t\t\t<a class=\"elementor-button elementor-button-link elementor-size-sm\" href=\"https:\/\/dspbiomedical.com.br\/en\/ifu\/\">\n\t\t\t\t\t\t<span class=\"elementor-button-content-wrapper\">\n\t\t\t\t\t\t<span class=\"elementor-button-icon\">\n\t\t\t\t<svg aria-hidden=\"true\" class=\"e-font-icon-svg e-fas-search\" viewbox=\"0 0 512 512\" xmlns=\"http:\/\/www.w3.org\/2000\/svg\"><path d=\"M505 442.7L405.3 343c-4.5-4.5-10.6-7-17-7H372c27.6-35.3 44-79.7 44-128C416 93.1 322.9 0 208 0S0 93.1 0 208s93.1 208 208 208c48.3 0 92.7-16.4 128-44v16.3c0 6.4 2.5 12.5 7 17l99.7 99.7c9.4 9.4 24.6 9.4 33.9 0l28.3-28.3c9.4-9.4 9.4-24.6.1-34zM208 336c-70.7 0-128-57.2-128-128 0-70.7 57.2-128 128-128 70.7 0 128 57.2 128 128 0 70.7-57.2 128-128 128z\"><\/path><\/svg>\t\t\t<\/span>\n\t\t\t\t\t\t\t\t\t<span class=\"elementor-button-text\">ENCONTRAR IFUS<\/span>\n\t\t\t\t\t<\/span>\n\t\t\t\t\t<\/a>\n\t\t\t\t<\/div>\n\t\t\t\t\t\t\t\t<\/div>\n\t\t\t\t<\/div>\n\t\t\t\t<\/div>\n\t\t\t\t<\/div>","protected":false},"excerpt":{"rendered":"<p>SOBRE Voc\u00ea acessou o sistema DSP IFU. Este \u00e1rea foi desenvolvida para fornecer instru\u00e7\u00f5es de uso e outros documentos on-line de forma segura, de acordo com regulamenta\u00e7\u00f5es internacionais. Basta digitar o c\u00f3digo da IFU que se encontra na etiqueta do produto e voc\u00ea ter\u00e1 acesso direto \u00e0 vers\u00e3o vigente das Instru\u00e7\u00f5es de Uso que procura. [&hellip;]<\/p>","protected":false},"author":1,"featured_media":0,"parent":0,"menu_order":0,"comment_status":"closed","ping_status":"closed","template":"elementor_header_footer","meta":{"_acf_changed":false,"footnotes":""},"class_list":["post-3972","page","type-page","status-publish","hentry"],"acf":[],"yoast_head":"<!-- This site is optimized with the Yoast SEO plugin v26.9 - https:\/\/yoast.com\/product\/yoast-seo-wordpress\/ -->\n<title>Sobre Ifus - DSP Biomedical<\/title>\n<meta name=\"robots\" content=\"index, follow, max-snippet:-1, max-image-preview:large, max-video-preview:-1\" \/>\n<link rel=\"canonical\" href=\"https:\/\/dspbiomedical.com.br\/en\/sobre-ifus\/\" \/>\n<meta property=\"og:locale\" content=\"en_US\" \/>\n<meta property=\"og:type\" content=\"article\" \/>\n<meta property=\"og:title\" content=\"Sobre Ifus - DSP Biomedical\" \/>\n<meta property=\"og:description\" content=\"SOBRE Voc\u00ea acessou o sistema DSP IFU. Este \u00e1rea foi desenvolvida para fornecer instru\u00e7\u00f5es de uso e outros documentos on-line de forma segura, de acordo com regulamenta\u00e7\u00f5es internacionais. Basta digitar o c\u00f3digo da IFU que se encontra na etiqueta do produto e voc\u00ea ter\u00e1 acesso direto \u00e0 vers\u00e3o vigente das Instru\u00e7\u00f5es de Uso que procura. [&hellip;]\" \/>\n<meta property=\"og:url\" content=\"https:\/\/dspbiomedical.com.br\/en\/sobre-ifus\/\" \/>\n<meta property=\"og:site_name\" content=\"DSP Biomedical\" \/>\n<meta property=\"article:modified_time\" content=\"2024-04-03T18:48:56+00:00\" \/>\n<meta name=\"twitter:card\" content=\"summary_large_image\" \/>\n<meta name=\"twitter:label1\" content=\"Est. reading time\" \/>\n\t<meta name=\"twitter:data1\" content=\"1 minute\" \/>\n<script type=\"application\/ld+json\" class=\"yoast-schema-graph\">{\"@context\":\"https:\/\/schema.org\",\"@graph\":[{\"@type\":\"WebPage\",\"@id\":\"https:\/\/dspbiomedical.com.br\/sobre-ifus\/\",\"url\":\"https:\/\/dspbiomedical.com.br\/sobre-ifus\/\",\"name\":\"Sobre Ifus - DSP Biomedical\",\"isPartOf\":{\"@id\":\"https:\/\/dspbiomedical.com.br\/#website\"},\"datePublished\":\"2024-04-03T18:33:50+00:00\",\"dateModified\":\"2024-04-03T18:48:56+00:00\",\"breadcrumb\":{\"@id\":\"https:\/\/dspbiomedical.com.br\/sobre-ifus\/#breadcrumb\"},\"inLanguage\":\"en-US\",\"potentialAction\":[{\"@type\":\"ReadAction\",\"target\":[\"https:\/\/dspbiomedical.com.br\/sobre-ifus\/\"]}]},{\"@type\":\"BreadcrumbList\",\"@id\":\"https:\/\/dspbiomedical.com.br\/sobre-ifus\/#breadcrumb\",\"itemListElement\":[{\"@type\":\"ListItem\",\"position\":1,\"name\":\"In\u00edcio\",\"item\":\"https:\/\/dspbiomedical.com.br\/\"},{\"@type\":\"ListItem\",\"position\":2,\"name\":\"Sobre Ifus\"}]},{\"@type\":\"WebSite\",\"@id\":\"https:\/\/dspbiomedical.com.br\/#website\",\"url\":\"https:\/\/dspbiomedical.com.br\/\",\"name\":\"DSP Biomedical\",\"description\":\"\",\"publisher\":{\"@id\":\"https:\/\/dspbiomedical.com.br\/#organization\"},\"potentialAction\":[{\"@type\":\"SearchAction\",\"target\":{\"@type\":\"EntryPoint\",\"urlTemplate\":\"https:\/\/dspbiomedical.com.br\/?s={search_term_string}\"},\"query-input\":{\"@type\":\"PropertyValueSpecification\",\"valueRequired\":true,\"valueName\":\"search_term_string\"}}],\"inLanguage\":\"en-US\"},{\"@type\":\"Organization\",\"@id\":\"https:\/\/dspbiomedical.com.br\/#organization\",\"name\":\"DSP Biomedical\",\"url\":\"https:\/\/dspbiomedical.com.br\/\",\"logo\":{\"@type\":\"ImageObject\",\"inLanguage\":\"en-US\",\"@id\":\"https:\/\/dspbiomedical.com.br\/#\/schema\/logo\/image\/\",\"url\":\"https:\/\/dspbiomedical.com.br\/wp-content\/uploads\/2024\/03\/cropped-logo_site_topo.png.webp\",\"contentUrl\":\"https:\/\/dspbiomedical.com.br\/wp-content\/uploads\/2024\/03\/cropped-logo_site_topo.png.webp\",\"width\":117,\"height\":64,\"caption\":\"DSP Biomedical\"},\"image\":{\"@id\":\"https:\/\/dspbiomedical.com.br\/#\/schema\/logo\/image\/\"}}]}<\/script>\n<!-- \/ Yoast SEO plugin. -->","yoast_head_json":{"title":"Sobre Ifus - DSP Biomedical","robots":{"index":"index","follow":"follow","max-snippet":"max-snippet:-1","max-image-preview":"max-image-preview:large","max-video-preview":"max-video-preview:-1"},"canonical":"https:\/\/dspbiomedical.com.br\/en\/sobre-ifus\/","og_locale":"en_US","og_type":"article","og_title":"Sobre Ifus - DSP Biomedical","og_description":"SOBRE Voc\u00ea acessou o sistema DSP IFU. Este \u00e1rea foi desenvolvida para fornecer instru\u00e7\u00f5es de uso e outros documentos on-line de forma segura, de acordo com regulamenta\u00e7\u00f5es internacionais. Basta digitar o c\u00f3digo da IFU que se encontra na etiqueta do produto e voc\u00ea ter\u00e1 acesso direto \u00e0 vers\u00e3o vigente das Instru\u00e7\u00f5es de Uso que procura. [&hellip;]","og_url":"https:\/\/dspbiomedical.com.br\/en\/sobre-ifus\/","og_site_name":"DSP Biomedical","article_modified_time":"2024-04-03T18:48:56+00:00","twitter_card":"summary_large_image","twitter_misc":{"Est. reading time":"1 minute"},"schema":{"@context":"https:\/\/schema.org","@graph":[{"@type":"WebPage","@id":"https:\/\/dspbiomedical.com.br\/sobre-ifus\/","url":"https:\/\/dspbiomedical.com.br\/sobre-ifus\/","name":"Sobre Ifus - DSP Biomedical","isPartOf":{"@id":"https:\/\/dspbiomedical.com.br\/#website"},"datePublished":"2024-04-03T18:33:50+00:00","dateModified":"2024-04-03T18:48:56+00:00","breadcrumb":{"@id":"https:\/\/dspbiomedical.com.br\/sobre-ifus\/#breadcrumb"},"inLanguage":"en-US","potentialAction":[{"@type":"ReadAction","target":["https:\/\/dspbiomedical.com.br\/sobre-ifus\/"]}]},{"@type":"BreadcrumbList","@id":"https:\/\/dspbiomedical.com.br\/sobre-ifus\/#breadcrumb","itemListElement":[{"@type":"ListItem","position":1,"name":"In\u00edcio","item":"https:\/\/dspbiomedical.com.br\/"},{"@type":"ListItem","position":2,"name":"Sobre Ifus"}]},{"@type":"WebSite","@id":"https:\/\/dspbiomedical.com.br\/#website","url":"https:\/\/dspbiomedical.com.br\/","name":"DSP Biomedical","description":"","publisher":{"@id":"https:\/\/dspbiomedical.com.br\/#organization"},"potentialAction":[{"@type":"SearchAction","target":{"@type":"EntryPoint","urlTemplate":"https:\/\/dspbiomedical.com.br\/?s={search_term_string}"},"query-input":{"@type":"PropertyValueSpecification","valueRequired":true,"valueName":"search_term_string"}}],"inLanguage":"en-US"},{"@type":"Organization","@id":"https:\/\/dspbiomedical.com.br\/#organization","name":"DSP Biomedical","url":"https:\/\/dspbiomedical.com.br\/","logo":{"@type":"ImageObject","inLanguage":"en-US","@id":"https:\/\/dspbiomedical.com.br\/#\/schema\/logo\/image\/","url":"https:\/\/dspbiomedical.com.br\/wp-content\/uploads\/2024\/03\/cropped-logo_site_topo.png.webp","contentUrl":"https:\/\/dspbiomedical.com.br\/wp-content\/uploads\/2024\/03\/cropped-logo_site_topo.png.webp","width":117,"height":64,"caption":"DSP Biomedical"},"image":{"@id":"https:\/\/dspbiomedical.com.br\/#\/schema\/logo\/image\/"}}]}},"_links":{"self":[{"href":"https:\/\/dspbiomedical.com.br\/en\/wp-json\/wp\/v2\/pages\/3972","targetHints":{"allow":["GET"]}}],"collection":[{"href":"https:\/\/dspbiomedical.com.br\/en\/wp-json\/wp\/v2\/pages"}],"about":[{"href":"https:\/\/dspbiomedical.com.br\/en\/wp-json\/wp\/v2\/types\/page"}],"author":[{"embeddable":true,"href":"https:\/\/dspbiomedical.com.br\/en\/wp-json\/wp\/v2\/users\/1"}],"replies":[{"embeddable":true,"href":"https:\/\/dspbiomedical.com.br\/en\/wp-json\/wp\/v2\/comments?post=3972"}],"version-history":[{"count":10,"href":"https:\/\/dspbiomedical.com.br\/en\/wp-json\/wp\/v2\/pages\/3972\/revisions"}],"predecessor-version":[{"id":3983,"href":"https:\/\/dspbiomedical.com.br\/en\/wp-json\/wp\/v2\/pages\/3972\/revisions\/3983"}],"wp:attachment":[{"href":"https:\/\/dspbiomedical.com.br\/en\/wp-json\/wp\/v2\/media?parent=3972"}],"curies":[{"name":"wp","href":"https:\/\/api.w.org\/{rel}","templated":true}]}}