{"id":1197,"date":"2024-03-19T00:28:38","date_gmt":"2024-03-19T03:28:38","guid":{"rendered":"https:\/\/dspbiomedical.com.br\/?post_type=product&#038;p=1197"},"modified":"2024-03-19T00:28:38","modified_gmt":"2024-03-19T03:28:38","slug":"flexcone-short","status":"publish","type":"product","link":"https:\/\/dspbiomedical.com.br\/en\/product\/flexcone-short\/","title":{"rendered":"FlexCone Short"},"content":{"rendered":"<p>\u2022 Implante + Componente prot\u00e9tico em uma \u00fanica pe\u00e7a.<br \/>\n\u2022 Corpo maci\u00e7o em tit\u00e2nio.<br \/>\n\u2022 Altura reduzida.<br \/>\n\u2022 M\u00faltiplas solu\u00e7\u00f5es prot\u00e9ticas.<\/p>\n<p>Os implantes FlexCone\u00ae Short possuem plataforma prot\u00e9tica com 4.0mm de di\u00e2metro, corpo c\u00f4nico, colar polido, roscas trapezoidais, e \u00e1pice com facetas de corte.<br \/>\nS\u00e3o indicados para aplica\u00e7\u00e3o em regi\u00f5es \u00f3sseas lim\u00edtrofes.<\/p>","protected":false},"excerpt":{"rendered":"<p>\u2022 Implante + Componente prot\u00e9tico em uma \u00fanica pe\u00e7a. \u2022 Corpo maci\u00e7o em tit\u00e2nio. \u2022 Altura reduzida. \u2022 M\u00faltiplas solu\u00e7\u00f5es prot\u00e9ticas. Os implantes FlexCone\u00ae Short possuem plataforma prot\u00e9tica com 4.0mm de di\u00e2metro, corpo c\u00f4nico, colar polido, roscas trapezoidais, e \u00e1pice com facetas de corte. S\u00e3o indicados para aplica\u00e7\u00e3o em regi\u00f5es \u00f3sseas lim\u00edtrofes.<\/p>","protected":false},"featured_media":1198,"comment_status":"closed","ping_status":"closed","template":"","meta":{"_acf_changed":false},"product_brand":[],"product_cat":[31],"product_tag":[],"class_list":{"0":"post-1197","1":"product","2":"type-product","3":"status-publish","4":"has-post-thumbnail","6":"product_cat-flexcone","8":"first","9":"instock","10":"shipping-taxable","11":"product-type-simple"},"acf":[],"yoast_head":"<!-- This site is optimized with the Yoast SEO plugin v27.4 - https:\/\/yoast.com\/product\/yoast-seo-wordpress\/ -->\n<title>FlexCone Short - DSP Biomedical<\/title>\n<meta name=\"robots\" content=\"index, follow, max-snippet:-1, max-image-preview:large, max-video-preview:-1\" \/>\n<link rel=\"canonical\" href=\"https:\/\/dspbiomedical.com.br\/en\/product\/flexcone-short\/\" \/>\n<meta property=\"og:locale\" content=\"en_US\" \/>\n<meta property=\"og:type\" content=\"article\" \/>\n<meta property=\"og:title\" content=\"FlexCone Short - DSP Biomedical\" \/>\n<meta property=\"og:description\" content=\"\u2022 Implante + Componente prot\u00e9tico em uma \u00fanica pe\u00e7a. \u2022 Corpo maci\u00e7o em tit\u00e2nio. \u2022 Altura reduzida. \u2022 M\u00faltiplas solu\u00e7\u00f5es prot\u00e9ticas. Os implantes FlexCone\u00ae Short possuem plataforma prot\u00e9tica com 4.0mm de di\u00e2metro, corpo c\u00f4nico, colar polido, roscas trapezoidais, e \u00e1pice com facetas de corte. S\u00e3o indicados para aplica\u00e7\u00e3o em regi\u00f5es \u00f3sseas lim\u00edtrofes.\" \/>\n<meta property=\"og:url\" content=\"https:\/\/dspbiomedical.com.br\/en\/product\/flexcone-short\/\" \/>\n<meta property=\"og:site_name\" content=\"DSP Biomedical\" \/>\n<meta property=\"og:image\" content=\"https:\/\/dspbiomedical.com.br\/wp-content\/uploads\/2024\/03\/fc-short-implante.webp\" \/>\n\t<meta property=\"og:image:width\" content=\"900\" \/>\n\t<meta property=\"og:image:height\" content=\"900\" \/>\n\t<meta property=\"og:image:type\" content=\"image\/webp\" \/>\n<meta name=\"twitter:card\" content=\"summary_large_image\" \/>\n<meta name=\"twitter:label1\" content=\"Est. reading time\" \/>\n\t<meta name=\"twitter:data1\" content=\"1 minute\" \/>\n<script type=\"application\/ld+json\" class=\"yoast-schema-graph\">{\"@context\":\"https:\\\/\\\/schema.org\",\"@graph\":[{\"@type\":\"WebPage\",\"@id\":\"https:\\\/\\\/dspbiomedical.com.br\\\/produto\\\/flexcone-short\\\/\",\"url\":\"https:\\\/\\\/dspbiomedical.com.br\\\/produto\\\/flexcone-short\\\/\",\"name\":\"FlexCone Short - DSP Biomedical\",\"isPartOf\":{\"@id\":\"https:\\\/\\\/dspbiomedical.com.br\\\/#website\"},\"primaryImageOfPage\":{\"@id\":\"https:\\\/\\\/dspbiomedical.com.br\\\/produto\\\/flexcone-short\\\/#primaryimage\"},\"image\":{\"@id\":\"https:\\\/\\\/dspbiomedical.com.br\\\/produto\\\/flexcone-short\\\/#primaryimage\"},\"thumbnailUrl\":\"https:\\\/\\\/dspbiomedical.com.br\\\/wp-content\\\/uploads\\\/2024\\\/03\\\/fc-short-implante.webp\",\"datePublished\":\"2024-03-19T03:28:38+00:00\",\"breadcrumb\":{\"@id\":\"https:\\\/\\\/dspbiomedical.com.br\\\/produto\\\/flexcone-short\\\/#breadcrumb\"},\"inLanguage\":\"en-US\",\"potentialAction\":[{\"@type\":\"ReadAction\",\"target\":[\"https:\\\/\\\/dspbiomedical.com.br\\\/produto\\\/flexcone-short\\\/\"]}]},{\"@type\":\"ImageObject\",\"inLanguage\":\"en-US\",\"@id\":\"https:\\\/\\\/dspbiomedical.com.br\\\/produto\\\/flexcone-short\\\/#primaryimage\",\"url\":\"https:\\\/\\\/dspbiomedical.com.br\\\/wp-content\\\/uploads\\\/2024\\\/03\\\/fc-short-implante.webp\",\"contentUrl\":\"https:\\\/\\\/dspbiomedical.com.br\\\/wp-content\\\/uploads\\\/2024\\\/03\\\/fc-short-implante.webp\",\"width\":900,\"height\":900,\"caption\":\"DSP Biomedical produz a mais completa linha de produtos para procedimentos de odontologia, cirurgia bucomaxilofacial e implantodontia do mercado nacional.\"},{\"@type\":\"BreadcrumbList\",\"@id\":\"https:\\\/\\\/dspbiomedical.com.br\\\/produto\\\/flexcone-short\\\/#breadcrumb\",\"itemListElement\":[{\"@type\":\"ListItem\",\"position\":1,\"name\":\"In\u00edcio\",\"item\":\"https:\\\/\\\/dspbiomedical.com.br\\\/\"},{\"@type\":\"ListItem\",\"position\":2,\"name\":\"Produtos\",\"item\":\"https:\\\/\\\/dspbiomedical.com.br\\\/shop\\\/\"},{\"@type\":\"ListItem\",\"position\":3,\"name\":\"FlexCone Short\"}]},{\"@type\":\"WebSite\",\"@id\":\"https:\\\/\\\/dspbiomedical.com.br\\\/#website\",\"url\":\"https:\\\/\\\/dspbiomedical.com.br\\\/\",\"name\":\"DSP Biomedical\",\"description\":\"\",\"publisher\":{\"@id\":\"https:\\\/\\\/dspbiomedical.com.br\\\/#organization\"},\"potentialAction\":[{\"@type\":\"SearchAction\",\"target\":{\"@type\":\"EntryPoint\",\"urlTemplate\":\"https:\\\/\\\/dspbiomedical.com.br\\\/?s={search_term_string}\"},\"query-input\":{\"@type\":\"PropertyValueSpecification\",\"valueRequired\":true,\"valueName\":\"search_term_string\"}}],\"inLanguage\":\"en-US\"},{\"@type\":\"Organization\",\"@id\":\"https:\\\/\\\/dspbiomedical.com.br\\\/#organization\",\"name\":\"DSP Biomedical\",\"url\":\"https:\\\/\\\/dspbiomedical.com.br\\\/\",\"logo\":{\"@type\":\"ImageObject\",\"inLanguage\":\"en-US\",\"@id\":\"https:\\\/\\\/dspbiomedical.com.br\\\/#\\\/schema\\\/logo\\\/image\\\/\",\"url\":\"https:\\\/\\\/dspbiomedical.com.br\\\/wp-content\\\/uploads\\\/2024\\\/03\\\/cropped-logo_site_topo.png.webp\",\"contentUrl\":\"https:\\\/\\\/dspbiomedical.com.br\\\/wp-content\\\/uploads\\\/2024\\\/03\\\/cropped-logo_site_topo.png.webp\",\"width\":117,\"height\":64,\"caption\":\"DSP Biomedical\"},\"image\":{\"@id\":\"https:\\\/\\\/dspbiomedical.com.br\\\/#\\\/schema\\\/logo\\\/image\\\/\"}}]}<\/script>\n<!-- \/ Yoast SEO plugin. -->","yoast_head_json":{"title":"FlexCone Short - DSP Biomedical","robots":{"index":"index","follow":"follow","max-snippet":"max-snippet:-1","max-image-preview":"max-image-preview:large","max-video-preview":"max-video-preview:-1"},"canonical":"https:\/\/dspbiomedical.com.br\/en\/product\/flexcone-short\/","og_locale":"en_US","og_type":"article","og_title":"FlexCone Short - DSP Biomedical","og_description":"\u2022 Implante + Componente prot\u00e9tico em uma \u00fanica pe\u00e7a. \u2022 Corpo maci\u00e7o em tit\u00e2nio. \u2022 Altura reduzida. \u2022 M\u00faltiplas solu\u00e7\u00f5es prot\u00e9ticas. Os implantes FlexCone\u00ae Short possuem plataforma prot\u00e9tica com 4.0mm de di\u00e2metro, corpo c\u00f4nico, colar polido, roscas trapezoidais, e \u00e1pice com facetas de corte. S\u00e3o indicados para aplica\u00e7\u00e3o em regi\u00f5es \u00f3sseas lim\u00edtrofes.","og_url":"https:\/\/dspbiomedical.com.br\/en\/product\/flexcone-short\/","og_site_name":"DSP Biomedical","og_image":[{"width":900,"height":900,"url":"https:\/\/dspbiomedical.com.br\/wp-content\/uploads\/2024\/03\/fc-short-implante.webp","type":"image\/webp"}],"twitter_card":"summary_large_image","twitter_misc":{"Est. reading time":"1 minute"},"schema":{"@context":"https:\/\/schema.org","@graph":[{"@type":"WebPage","@id":"https:\/\/dspbiomedical.com.br\/produto\/flexcone-short\/","url":"https:\/\/dspbiomedical.com.br\/produto\/flexcone-short\/","name":"FlexCone Short - DSP Biomedical","isPartOf":{"@id":"https:\/\/dspbiomedical.com.br\/#website"},"primaryImageOfPage":{"@id":"https:\/\/dspbiomedical.com.br\/produto\/flexcone-short\/#primaryimage"},"image":{"@id":"https:\/\/dspbiomedical.com.br\/produto\/flexcone-short\/#primaryimage"},"thumbnailUrl":"https:\/\/dspbiomedical.com.br\/wp-content\/uploads\/2024\/03\/fc-short-implante.webp","datePublished":"2024-03-19T03:28:38+00:00","breadcrumb":{"@id":"https:\/\/dspbiomedical.com.br\/produto\/flexcone-short\/#breadcrumb"},"inLanguage":"en-US","potentialAction":[{"@type":"ReadAction","target":["https:\/\/dspbiomedical.com.br\/produto\/flexcone-short\/"]}]},{"@type":"ImageObject","inLanguage":"en-US","@id":"https:\/\/dspbiomedical.com.br\/produto\/flexcone-short\/#primaryimage","url":"https:\/\/dspbiomedical.com.br\/wp-content\/uploads\/2024\/03\/fc-short-implante.webp","contentUrl":"https:\/\/dspbiomedical.com.br\/wp-content\/uploads\/2024\/03\/fc-short-implante.webp","width":900,"height":900,"caption":"DSP Biomedical produz a mais completa linha de produtos para procedimentos de odontologia, cirurgia bucomaxilofacial e implantodontia do mercado nacional."},{"@type":"BreadcrumbList","@id":"https:\/\/dspbiomedical.com.br\/produto\/flexcone-short\/#breadcrumb","itemListElement":[{"@type":"ListItem","position":1,"name":"In\u00edcio","item":"https:\/\/dspbiomedical.com.br\/"},{"@type":"ListItem","position":2,"name":"Produtos","item":"https:\/\/dspbiomedical.com.br\/shop\/"},{"@type":"ListItem","position":3,"name":"FlexCone Short"}]},{"@type":"WebSite","@id":"https:\/\/dspbiomedical.com.br\/#website","url":"https:\/\/dspbiomedical.com.br\/","name":"DSP Biomedical","description":"","publisher":{"@id":"https:\/\/dspbiomedical.com.br\/#organization"},"potentialAction":[{"@type":"SearchAction","target":{"@type":"EntryPoint","urlTemplate":"https:\/\/dspbiomedical.com.br\/?s={search_term_string}"},"query-input":{"@type":"PropertyValueSpecification","valueRequired":true,"valueName":"search_term_string"}}],"inLanguage":"en-US"},{"@type":"Organization","@id":"https:\/\/dspbiomedical.com.br\/#organization","name":"DSP Biomedical","url":"https:\/\/dspbiomedical.com.br\/","logo":{"@type":"ImageObject","inLanguage":"en-US","@id":"https:\/\/dspbiomedical.com.br\/#\/schema\/logo\/image\/","url":"https:\/\/dspbiomedical.com.br\/wp-content\/uploads\/2024\/03\/cropped-logo_site_topo.png.webp","contentUrl":"https:\/\/dspbiomedical.com.br\/wp-content\/uploads\/2024\/03\/cropped-logo_site_topo.png.webp","width":117,"height":64,"caption":"DSP Biomedical"},"image":{"@id":"https:\/\/dspbiomedical.com.br\/#\/schema\/logo\/image\/"}}]}},"_links":{"self":[{"href":"https:\/\/dspbiomedical.com.br\/en\/wp-json\/wp\/v2\/product\/1197","targetHints":{"allow":["GET"]}}],"collection":[{"href":"https:\/\/dspbiomedical.com.br\/en\/wp-json\/wp\/v2\/product"}],"about":[{"href":"https:\/\/dspbiomedical.com.br\/en\/wp-json\/wp\/v2\/types\/product"}],"replies":[{"embeddable":true,"href":"https:\/\/dspbiomedical.com.br\/en\/wp-json\/wp\/v2\/comments?post=1197"}],"wp:featuredmedia":[{"embeddable":true,"href":"https:\/\/dspbiomedical.com.br\/en\/wp-json\/wp\/v2\/media\/1198"}],"wp:attachment":[{"href":"https:\/\/dspbiomedical.com.br\/en\/wp-json\/wp\/v2\/media?parent=1197"}],"wp:term":[{"taxonomy":"product_brand","embeddable":true,"href":"https:\/\/dspbiomedical.com.br\/en\/wp-json\/wp\/v2\/product_brand?post=1197"},{"taxonomy":"product_cat","embeddable":true,"href":"https:\/\/dspbiomedical.com.br\/en\/wp-json\/wp\/v2\/product_cat?post=1197"},{"taxonomy":"product_tag","embeddable":true,"href":"https:\/\/dspbiomedical.com.br\/en\/wp-json\/wp\/v2\/product_tag?post=1197"}],"curies":[{"name":"wp","href":"https:\/\/api.w.org\/{rel}","templated":true}]}}