{"id":1402,"date":"2024-03-19T23:34:33","date_gmt":"2024-03-20T02:34:33","guid":{"rendered":"https:\/\/dspbiomedical.com.br\/?post_type=product&#038;p=1402"},"modified":"2024-03-19T23:34:33","modified_gmt":"2024-03-20T02:34:33","slug":"centrifuga-programavel-media","status":"publish","type":"product","link":"https:\/\/dspbiomedical.com.br\/en\/product\/centrifuga-programavel-media\/","title":{"rendered":"Centr\u00edfuga Program\u00e1vel M\u00e9dia"},"content":{"rendered":"<p>Sistema anti-desbalanceamento com mecanismos\u00a0de trava de velocidade para maior seguran\u00e7a\u00a0do usu\u00e1rio.<br \/>\nSele\u00e7\u00e3o do tipo de programa (tecla P\/R).<br \/>\nDisplay permite programar a opera\u00e7\u00e3o em v\u00e1rios tipos de procedimentos pr\u00e9-ajust\u00e1veis.<\/p>\n<p>A Centr\u00edfuga Program\u00e1vel M\u00e9dia atinge uma rota\u00e7\u00e3o de 4000rpm.<br \/>\n\u00c9 um equipamento pr\u00e1tico, est\u00e1vel e f\u00e1cil de manusear, al\u00e9m de apresentar um n\u00edvel de ru\u00eddo extremamente baixo. Com rotores intercambi\u00e1veis de diversos tamanhos, proporciona v\u00e1rios tipos de aplica\u00e7\u00f5es em um \u00fanico equipamento. Utilizada amplamente em odontologia.<\/p>","protected":false},"excerpt":{"rendered":"<p>Sistema anti-desbalanceamento com mecanismos\u00a0de trava de velocidade para maior seguran\u00e7a\u00a0do usu\u00e1rio. Sele\u00e7\u00e3o do tipo de programa (tecla P\/R). Display permite programar a opera\u00e7\u00e3o em v\u00e1rios tipos de procedimentos pr\u00e9-ajust\u00e1veis. A Centr\u00edfuga Program\u00e1vel M\u00e9dia atinge uma rota\u00e7\u00e3o de 4000rpm. \u00c9 um equipamento pr\u00e1tico, est\u00e1vel e f\u00e1cil de manusear, al\u00e9m de apresentar um n\u00edvel de ru\u00eddo extremamente [&hellip;]<\/p>\n","protected":false},"featured_media":1403,"comment_status":"closed","ping_status":"closed","template":"","meta":{"_acf_changed":false},"product_brand":[],"product_cat":[35],"product_tag":[],"class_list":{"0":"post-1402","1":"product","2":"type-product","3":"status-publish","4":"has-post-thumbnail","6":"product_cat-motores-cirurgicos","8":"first","9":"instock","10":"shipping-taxable","11":"product-type-simple"},"acf":[],"yoast_head":"<!-- This site is optimized with the Yoast SEO plugin v27.4 - https:\/\/yoast.com\/product\/yoast-seo-wordpress\/ -->\n<title>Centr\u00edfuga Program\u00e1vel M\u00e9dia - DSP Biomedical<\/title>\n<meta name=\"robots\" content=\"index, follow, max-snippet:-1, max-image-preview:large, max-video-preview:-1\" \/>\n<link rel=\"canonical\" href=\"https:\/\/dspbiomedical.com.br\/en\/product\/centrifuga-programavel-media\/\" \/>\n<meta property=\"og:locale\" content=\"en_US\" \/>\n<meta property=\"og:type\" content=\"article\" \/>\n<meta property=\"og:title\" content=\"Centr\u00edfuga Program\u00e1vel M\u00e9dia - DSP Biomedical\" \/>\n<meta property=\"og:description\" content=\"Sistema anti-desbalanceamento com mecanismos\u00a0de trava de velocidade para maior seguran\u00e7a\u00a0do usu\u00e1rio. Sele\u00e7\u00e3o do tipo de programa (tecla P\/R). Display permite programar a opera\u00e7\u00e3o em v\u00e1rios tipos de procedimentos pr\u00e9-ajust\u00e1veis. A Centr\u00edfuga Program\u00e1vel M\u00e9dia atinge uma rota\u00e7\u00e3o de 4000rpm. \u00c9 um equipamento pr\u00e1tico, est\u00e1vel e f\u00e1cil de manusear, al\u00e9m de apresentar um n\u00edvel de ru\u00eddo extremamente [&hellip;]\" \/>\n<meta property=\"og:url\" content=\"https:\/\/dspbiomedical.com.br\/en\/product\/centrifuga-programavel-media\/\" \/>\n<meta property=\"og:site_name\" content=\"DSP Biomedical\" \/>\n<meta property=\"og:image\" content=\"https:\/\/dspbiomedical.com.br\/wp-content\/uploads\/2024\/03\/centrifuga_programavel_media.webp\" \/>\n\t<meta property=\"og:image:width\" content=\"450\" \/>\n\t<meta property=\"og:image:height\" content=\"450\" \/>\n\t<meta property=\"og:image:type\" content=\"image\/webp\" \/>\n<meta name=\"twitter:card\" content=\"summary_large_image\" \/>\n<meta name=\"twitter:label1\" content=\"Est. reading time\" \/>\n\t<meta name=\"twitter:data1\" content=\"1 minute\" \/>\n<script type=\"application\/ld+json\" class=\"yoast-schema-graph\">{\"@context\":\"https:\\\/\\\/schema.org\",\"@graph\":[{\"@type\":\"WebPage\",\"@id\":\"https:\\\/\\\/dspbiomedical.com.br\\\/produto\\\/centrifuga-programavel-media\\\/\",\"url\":\"https:\\\/\\\/dspbiomedical.com.br\\\/produto\\\/centrifuga-programavel-media\\\/\",\"name\":\"Centr\u00edfuga Program\u00e1vel M\u00e9dia - DSP Biomedical\",\"isPartOf\":{\"@id\":\"https:\\\/\\\/dspbiomedical.com.br\\\/#website\"},\"primaryImageOfPage\":{\"@id\":\"https:\\\/\\\/dspbiomedical.com.br\\\/produto\\\/centrifuga-programavel-media\\\/#primaryimage\"},\"image\":{\"@id\":\"https:\\\/\\\/dspbiomedical.com.br\\\/produto\\\/centrifuga-programavel-media\\\/#primaryimage\"},\"thumbnailUrl\":\"https:\\\/\\\/dspbiomedical.com.br\\\/wp-content\\\/uploads\\\/2024\\\/03\\\/centrifuga_programavel_media.webp\",\"datePublished\":\"2024-03-20T02:34:33+00:00\",\"breadcrumb\":{\"@id\":\"https:\\\/\\\/dspbiomedical.com.br\\\/produto\\\/centrifuga-programavel-media\\\/#breadcrumb\"},\"inLanguage\":\"en-US\",\"potentialAction\":[{\"@type\":\"ReadAction\",\"target\":[\"https:\\\/\\\/dspbiomedical.com.br\\\/produto\\\/centrifuga-programavel-media\\\/\"]}]},{\"@type\":\"ImageObject\",\"inLanguage\":\"en-US\",\"@id\":\"https:\\\/\\\/dspbiomedical.com.br\\\/produto\\\/centrifuga-programavel-media\\\/#primaryimage\",\"url\":\"https:\\\/\\\/dspbiomedical.com.br\\\/wp-content\\\/uploads\\\/2024\\\/03\\\/centrifuga_programavel_media.webp\",\"contentUrl\":\"https:\\\/\\\/dspbiomedical.com.br\\\/wp-content\\\/uploads\\\/2024\\\/03\\\/centrifuga_programavel_media.webp\",\"width\":450,\"height\":450,\"caption\":\"DSP Biomedical produz a mais completa linha de produtos para procedimentos de odontologia, cirurgia bucomaxilofacial e implantodontia do mercado nacional.\"},{\"@type\":\"BreadcrumbList\",\"@id\":\"https:\\\/\\\/dspbiomedical.com.br\\\/produto\\\/centrifuga-programavel-media\\\/#breadcrumb\",\"itemListElement\":[{\"@type\":\"ListItem\",\"position\":1,\"name\":\"In\u00edcio\",\"item\":\"https:\\\/\\\/dspbiomedical.com.br\\\/\"},{\"@type\":\"ListItem\",\"position\":2,\"name\":\"Produtos\",\"item\":\"https:\\\/\\\/dspbiomedical.com.br\\\/shop\\\/\"},{\"@type\":\"ListItem\",\"position\":3,\"name\":\"Centr\u00edfuga Program\u00e1vel M\u00e9dia\"}]},{\"@type\":\"WebSite\",\"@id\":\"https:\\\/\\\/dspbiomedical.com.br\\\/#website\",\"url\":\"https:\\\/\\\/dspbiomedical.com.br\\\/\",\"name\":\"DSP Biomedical\",\"description\":\"\",\"publisher\":{\"@id\":\"https:\\\/\\\/dspbiomedical.com.br\\\/#organization\"},\"potentialAction\":[{\"@type\":\"SearchAction\",\"target\":{\"@type\":\"EntryPoint\",\"urlTemplate\":\"https:\\\/\\\/dspbiomedical.com.br\\\/?s={search_term_string}\"},\"query-input\":{\"@type\":\"PropertyValueSpecification\",\"valueRequired\":true,\"valueName\":\"search_term_string\"}}],\"inLanguage\":\"en-US\"},{\"@type\":\"Organization\",\"@id\":\"https:\\\/\\\/dspbiomedical.com.br\\\/#organization\",\"name\":\"DSP Biomedical\",\"url\":\"https:\\\/\\\/dspbiomedical.com.br\\\/\",\"logo\":{\"@type\":\"ImageObject\",\"inLanguage\":\"en-US\",\"@id\":\"https:\\\/\\\/dspbiomedical.com.br\\\/#\\\/schema\\\/logo\\\/image\\\/\",\"url\":\"https:\\\/\\\/dspbiomedical.com.br\\\/wp-content\\\/uploads\\\/2024\\\/03\\\/cropped-logo_site_topo.png.webp\",\"contentUrl\":\"https:\\\/\\\/dspbiomedical.com.br\\\/wp-content\\\/uploads\\\/2024\\\/03\\\/cropped-logo_site_topo.png.webp\",\"width\":117,\"height\":64,\"caption\":\"DSP Biomedical\"},\"image\":{\"@id\":\"https:\\\/\\\/dspbiomedical.com.br\\\/#\\\/schema\\\/logo\\\/image\\\/\"}}]}<\/script>\n<!-- \/ Yoast SEO plugin. -->","yoast_head_json":{"title":"Centr\u00edfuga Program\u00e1vel M\u00e9dia - DSP Biomedical","robots":{"index":"index","follow":"follow","max-snippet":"max-snippet:-1","max-image-preview":"max-image-preview:large","max-video-preview":"max-video-preview:-1"},"canonical":"https:\/\/dspbiomedical.com.br\/en\/product\/centrifuga-programavel-media\/","og_locale":"en_US","og_type":"article","og_title":"Centr\u00edfuga Program\u00e1vel M\u00e9dia - DSP Biomedical","og_description":"Sistema anti-desbalanceamento com mecanismos\u00a0de trava de velocidade para maior seguran\u00e7a\u00a0do usu\u00e1rio. Sele\u00e7\u00e3o do tipo de programa (tecla P\/R). Display permite programar a opera\u00e7\u00e3o em v\u00e1rios tipos de procedimentos pr\u00e9-ajust\u00e1veis. A Centr\u00edfuga Program\u00e1vel M\u00e9dia atinge uma rota\u00e7\u00e3o de 4000rpm. \u00c9 um equipamento pr\u00e1tico, est\u00e1vel e f\u00e1cil de manusear, al\u00e9m de apresentar um n\u00edvel de ru\u00eddo extremamente [&hellip;]","og_url":"https:\/\/dspbiomedical.com.br\/en\/product\/centrifuga-programavel-media\/","og_site_name":"DSP Biomedical","og_image":[{"width":450,"height":450,"url":"https:\/\/dspbiomedical.com.br\/wp-content\/uploads\/2024\/03\/centrifuga_programavel_media.webp","type":"image\/webp"}],"twitter_card":"summary_large_image","twitter_misc":{"Est. reading time":"1 minute"},"schema":{"@context":"https:\/\/schema.org","@graph":[{"@type":"WebPage","@id":"https:\/\/dspbiomedical.com.br\/produto\/centrifuga-programavel-media\/","url":"https:\/\/dspbiomedical.com.br\/produto\/centrifuga-programavel-media\/","name":"Centr\u00edfuga Program\u00e1vel M\u00e9dia - DSP Biomedical","isPartOf":{"@id":"https:\/\/dspbiomedical.com.br\/#website"},"primaryImageOfPage":{"@id":"https:\/\/dspbiomedical.com.br\/produto\/centrifuga-programavel-media\/#primaryimage"},"image":{"@id":"https:\/\/dspbiomedical.com.br\/produto\/centrifuga-programavel-media\/#primaryimage"},"thumbnailUrl":"https:\/\/dspbiomedical.com.br\/wp-content\/uploads\/2024\/03\/centrifuga_programavel_media.webp","datePublished":"2024-03-20T02:34:33+00:00","breadcrumb":{"@id":"https:\/\/dspbiomedical.com.br\/produto\/centrifuga-programavel-media\/#breadcrumb"},"inLanguage":"en-US","potentialAction":[{"@type":"ReadAction","target":["https:\/\/dspbiomedical.com.br\/produto\/centrifuga-programavel-media\/"]}]},{"@type":"ImageObject","inLanguage":"en-US","@id":"https:\/\/dspbiomedical.com.br\/produto\/centrifuga-programavel-media\/#primaryimage","url":"https:\/\/dspbiomedical.com.br\/wp-content\/uploads\/2024\/03\/centrifuga_programavel_media.webp","contentUrl":"https:\/\/dspbiomedical.com.br\/wp-content\/uploads\/2024\/03\/centrifuga_programavel_media.webp","width":450,"height":450,"caption":"DSP Biomedical produz a mais completa linha de produtos para procedimentos de odontologia, cirurgia bucomaxilofacial e implantodontia do mercado nacional."},{"@type":"BreadcrumbList","@id":"https:\/\/dspbiomedical.com.br\/produto\/centrifuga-programavel-media\/#breadcrumb","itemListElement":[{"@type":"ListItem","position":1,"name":"In\u00edcio","item":"https:\/\/dspbiomedical.com.br\/"},{"@type":"ListItem","position":2,"name":"Produtos","item":"https:\/\/dspbiomedical.com.br\/shop\/"},{"@type":"ListItem","position":3,"name":"Centr\u00edfuga Program\u00e1vel M\u00e9dia"}]},{"@type":"WebSite","@id":"https:\/\/dspbiomedical.com.br\/#website","url":"https:\/\/dspbiomedical.com.br\/","name":"DSP Biomedical","description":"","publisher":{"@id":"https:\/\/dspbiomedical.com.br\/#organization"},"potentialAction":[{"@type":"SearchAction","target":{"@type":"EntryPoint","urlTemplate":"https:\/\/dspbiomedical.com.br\/?s={search_term_string}"},"query-input":{"@type":"PropertyValueSpecification","valueRequired":true,"valueName":"search_term_string"}}],"inLanguage":"en-US"},{"@type":"Organization","@id":"https:\/\/dspbiomedical.com.br\/#organization","name":"DSP Biomedical","url":"https:\/\/dspbiomedical.com.br\/","logo":{"@type":"ImageObject","inLanguage":"en-US","@id":"https:\/\/dspbiomedical.com.br\/#\/schema\/logo\/image\/","url":"https:\/\/dspbiomedical.com.br\/wp-content\/uploads\/2024\/03\/cropped-logo_site_topo.png.webp","contentUrl":"https:\/\/dspbiomedical.com.br\/wp-content\/uploads\/2024\/03\/cropped-logo_site_topo.png.webp","width":117,"height":64,"caption":"DSP Biomedical"},"image":{"@id":"https:\/\/dspbiomedical.com.br\/#\/schema\/logo\/image\/"}}]}},"_links":{"self":[{"href":"https:\/\/dspbiomedical.com.br\/en\/wp-json\/wp\/v2\/product\/1402","targetHints":{"allow":["GET"]}}],"collection":[{"href":"https:\/\/dspbiomedical.com.br\/en\/wp-json\/wp\/v2\/product"}],"about":[{"href":"https:\/\/dspbiomedical.com.br\/en\/wp-json\/wp\/v2\/types\/product"}],"replies":[{"embeddable":true,"href":"https:\/\/dspbiomedical.com.br\/en\/wp-json\/wp\/v2\/comments?post=1402"}],"wp:featuredmedia":[{"embeddable":true,"href":"https:\/\/dspbiomedical.com.br\/en\/wp-json\/wp\/v2\/media\/1403"}],"wp:attachment":[{"href":"https:\/\/dspbiomedical.com.br\/en\/wp-json\/wp\/v2\/media?parent=1402"}],"wp:term":[{"taxonomy":"product_brand","embeddable":true,"href":"https:\/\/dspbiomedical.com.br\/en\/wp-json\/wp\/v2\/product_brand?post=1402"},{"taxonomy":"product_cat","embeddable":true,"href":"https:\/\/dspbiomedical.com.br\/en\/wp-json\/wp\/v2\/product_cat?post=1402"},{"taxonomy":"product_tag","embeddable":true,"href":"https:\/\/dspbiomedical.com.br\/en\/wp-json\/wp\/v2\/product_tag?post=1402"}],"curies":[{"name":"wp","href":"https:\/\/api.w.org\/{rel}","templated":true}]}}