{"id":1971,"date":"2024-03-22T02:55:59","date_gmt":"2024-03-22T05:55:59","guid":{"rendered":"https:\/\/dspbiomedical.com.br\/?post_type=product&#038;p=1971"},"modified":"2024-03-22T02:55:59","modified_gmt":"2024-03-22T05:55:59","slug":"pinca-dsp","status":"publish","type":"product","link":"https:\/\/dspbiomedical.com.br\/en\/product\/pinca-dsp\/","title":{"rendered":"Pin\u00e7a DSP"},"content":{"rendered":"<p>28.4020<\/p>\n<p>A aspira\u00e7\u00e3o ou ingest\u00e3o de instrumentos usados para procedimentos cir\u00fargicos e prot\u00e9ticos s\u00e3o complica\u00e7\u00f5es potenciais na implantodontia. Instrumentos como componentes prot\u00e9ticos, fresas, paralelizadores e com maior frequ\u00eancia chaves para aperto de parafusos podem ser ingeridos ou aspirados.<\/p>\n<p>Sua principal caracter\u00edstica \u00e9 seu formato anat\u00f4mico que permite acionar os parafusos dos dispositivos implantados em \u00e1reas de acesso com as mais diferentes complexidades de visualiza\u00e7\u00e3o e empunhadura da chave digital.<\/p>","protected":false},"excerpt":{"rendered":"<p>28.4020 A aspira\u00e7\u00e3o ou ingest\u00e3o de instrumentos usados para procedimentos cir\u00fargicos e prot\u00e9ticos s\u00e3o complica\u00e7\u00f5es potenciais na implantodontia. Instrumentos como componentes prot\u00e9ticos, fresas, paralelizadores e com maior frequ\u00eancia chaves para aperto de parafusos podem ser ingeridos ou aspirados. Sua principal caracter\u00edstica \u00e9 seu formato anat\u00f4mico que permite acionar os parafusos dos dispositivos implantados em \u00e1reas [&hellip;]<\/p>\n","protected":false},"featured_media":1972,"comment_status":"closed","ping_status":"closed","template":"","meta":{"_acf_changed":false},"product_brand":[],"product_cat":[34],"product_tag":[],"class_list":{"0":"post-1971","1":"product","2":"type-product","3":"status-publish","4":"has-post-thumbnail","6":"product_cat-acessorios","8":"first","9":"instock","10":"shipping-taxable","11":"product-type-simple"},"acf":[],"yoast_head":"<!-- This site is optimized with the Yoast SEO plugin v27.4 - https:\/\/yoast.com\/product\/yoast-seo-wordpress\/ -->\n<title>Pin\u00e7a DSP - DSP Biomedical<\/title>\n<meta name=\"robots\" content=\"index, follow, max-snippet:-1, max-image-preview:large, max-video-preview:-1\" \/>\n<link rel=\"canonical\" href=\"https:\/\/dspbiomedical.com.br\/en\/product\/pinca-dsp\/\" \/>\n<meta property=\"og:locale\" content=\"en_US\" \/>\n<meta property=\"og:type\" content=\"article\" \/>\n<meta property=\"og:title\" content=\"Pin\u00e7a DSP - DSP Biomedical\" \/>\n<meta property=\"og:description\" content=\"28.4020 A aspira\u00e7\u00e3o ou ingest\u00e3o de instrumentos usados para procedimentos cir\u00fargicos e prot\u00e9ticos s\u00e3o complica\u00e7\u00f5es potenciais na implantodontia. Instrumentos como componentes prot\u00e9ticos, fresas, paralelizadores e com maior frequ\u00eancia chaves para aperto de parafusos podem ser ingeridos ou aspirados. Sua principal caracter\u00edstica \u00e9 seu formato anat\u00f4mico que permite acionar os parafusos dos dispositivos implantados em \u00e1reas [&hellip;]\" \/>\n<meta property=\"og:url\" content=\"https:\/\/dspbiomedical.com.br\/en\/product\/pinca-dsp\/\" \/>\n<meta property=\"og:site_name\" content=\"DSP Biomedical\" \/>\n<meta property=\"og:image\" content=\"https:\/\/dspbiomedical.com.br\/wp-content\/uploads\/2024\/03\/pinca-small.jpg.webp\" \/>\n\t<meta property=\"og:image:width\" content=\"450\" \/>\n\t<meta property=\"og:image:height\" content=\"450\" \/>\n\t<meta property=\"og:image:type\" content=\"image\/webp\" \/>\n<meta name=\"twitter:card\" content=\"summary_large_image\" \/>\n<meta name=\"twitter:label1\" content=\"Est. reading time\" \/>\n\t<meta name=\"twitter:data1\" content=\"1 minute\" \/>\n<script type=\"application\/ld+json\" class=\"yoast-schema-graph\">{\"@context\":\"https:\\\/\\\/schema.org\",\"@graph\":[{\"@type\":\"WebPage\",\"@id\":\"https:\\\/\\\/dspbiomedical.com.br\\\/produto\\\/pinca-dsp\\\/\",\"url\":\"https:\\\/\\\/dspbiomedical.com.br\\\/produto\\\/pinca-dsp\\\/\",\"name\":\"Pin\u00e7a DSP - DSP Biomedical\",\"isPartOf\":{\"@id\":\"https:\\\/\\\/dspbiomedical.com.br\\\/#website\"},\"primaryImageOfPage\":{\"@id\":\"https:\\\/\\\/dspbiomedical.com.br\\\/produto\\\/pinca-dsp\\\/#primaryimage\"},\"image\":{\"@id\":\"https:\\\/\\\/dspbiomedical.com.br\\\/produto\\\/pinca-dsp\\\/#primaryimage\"},\"thumbnailUrl\":\"https:\\\/\\\/dspbiomedical.com.br\\\/wp-content\\\/uploads\\\/2024\\\/03\\\/pinca-small.jpg.webp\",\"datePublished\":\"2024-03-22T05:55:59+00:00\",\"breadcrumb\":{\"@id\":\"https:\\\/\\\/dspbiomedical.com.br\\\/produto\\\/pinca-dsp\\\/#breadcrumb\"},\"inLanguage\":\"en-US\",\"potentialAction\":[{\"@type\":\"ReadAction\",\"target\":[\"https:\\\/\\\/dspbiomedical.com.br\\\/produto\\\/pinca-dsp\\\/\"]}]},{\"@type\":\"ImageObject\",\"inLanguage\":\"en-US\",\"@id\":\"https:\\\/\\\/dspbiomedical.com.br\\\/produto\\\/pinca-dsp\\\/#primaryimage\",\"url\":\"https:\\\/\\\/dspbiomedical.com.br\\\/wp-content\\\/uploads\\\/2024\\\/03\\\/pinca-small.jpg.webp\",\"contentUrl\":\"https:\\\/\\\/dspbiomedical.com.br\\\/wp-content\\\/uploads\\\/2024\\\/03\\\/pinca-small.jpg.webp\",\"width\":450,\"height\":450,\"caption\":\"DSP Biomedical produz a mais completa linha de produtos para procedimentos de odontologia, cirurgia bucomaxilofacial e implantodontia do mercado nacional.\"},{\"@type\":\"BreadcrumbList\",\"@id\":\"https:\\\/\\\/dspbiomedical.com.br\\\/produto\\\/pinca-dsp\\\/#breadcrumb\",\"itemListElement\":[{\"@type\":\"ListItem\",\"position\":1,\"name\":\"In\u00edcio\",\"item\":\"https:\\\/\\\/dspbiomedical.com.br\\\/\"},{\"@type\":\"ListItem\",\"position\":2,\"name\":\"Produtos\",\"item\":\"https:\\\/\\\/dspbiomedical.com.br\\\/shop\\\/\"},{\"@type\":\"ListItem\",\"position\":3,\"name\":\"Pin\u00e7a DSP\"}]},{\"@type\":\"WebSite\",\"@id\":\"https:\\\/\\\/dspbiomedical.com.br\\\/#website\",\"url\":\"https:\\\/\\\/dspbiomedical.com.br\\\/\",\"name\":\"DSP Biomedical\",\"description\":\"\",\"publisher\":{\"@id\":\"https:\\\/\\\/dspbiomedical.com.br\\\/#organization\"},\"potentialAction\":[{\"@type\":\"SearchAction\",\"target\":{\"@type\":\"EntryPoint\",\"urlTemplate\":\"https:\\\/\\\/dspbiomedical.com.br\\\/?s={search_term_string}\"},\"query-input\":{\"@type\":\"PropertyValueSpecification\",\"valueRequired\":true,\"valueName\":\"search_term_string\"}}],\"inLanguage\":\"en-US\"},{\"@type\":\"Organization\",\"@id\":\"https:\\\/\\\/dspbiomedical.com.br\\\/#organization\",\"name\":\"DSP Biomedical\",\"url\":\"https:\\\/\\\/dspbiomedical.com.br\\\/\",\"logo\":{\"@type\":\"ImageObject\",\"inLanguage\":\"en-US\",\"@id\":\"https:\\\/\\\/dspbiomedical.com.br\\\/#\\\/schema\\\/logo\\\/image\\\/\",\"url\":\"https:\\\/\\\/dspbiomedical.com.br\\\/wp-content\\\/uploads\\\/2024\\\/03\\\/cropped-logo_site_topo.png.webp\",\"contentUrl\":\"https:\\\/\\\/dspbiomedical.com.br\\\/wp-content\\\/uploads\\\/2024\\\/03\\\/cropped-logo_site_topo.png.webp\",\"width\":117,\"height\":64,\"caption\":\"DSP Biomedical\"},\"image\":{\"@id\":\"https:\\\/\\\/dspbiomedical.com.br\\\/#\\\/schema\\\/logo\\\/image\\\/\"}}]}<\/script>\n<!-- \/ Yoast SEO plugin. -->","yoast_head_json":{"title":"Pin\u00e7a DSP - DSP Biomedical","robots":{"index":"index","follow":"follow","max-snippet":"max-snippet:-1","max-image-preview":"max-image-preview:large","max-video-preview":"max-video-preview:-1"},"canonical":"https:\/\/dspbiomedical.com.br\/en\/product\/pinca-dsp\/","og_locale":"en_US","og_type":"article","og_title":"Pin\u00e7a DSP - DSP Biomedical","og_description":"28.4020 A aspira\u00e7\u00e3o ou ingest\u00e3o de instrumentos usados para procedimentos cir\u00fargicos e prot\u00e9ticos s\u00e3o complica\u00e7\u00f5es potenciais na implantodontia. Instrumentos como componentes prot\u00e9ticos, fresas, paralelizadores e com maior frequ\u00eancia chaves para aperto de parafusos podem ser ingeridos ou aspirados. Sua principal caracter\u00edstica \u00e9 seu formato anat\u00f4mico que permite acionar os parafusos dos dispositivos implantados em \u00e1reas [&hellip;]","og_url":"https:\/\/dspbiomedical.com.br\/en\/product\/pinca-dsp\/","og_site_name":"DSP Biomedical","og_image":[{"width":450,"height":450,"url":"https:\/\/dspbiomedical.com.br\/wp-content\/uploads\/2024\/03\/pinca-small.jpg.webp","type":"image\/webp"}],"twitter_card":"summary_large_image","twitter_misc":{"Est. reading time":"1 minute"},"schema":{"@context":"https:\/\/schema.org","@graph":[{"@type":"WebPage","@id":"https:\/\/dspbiomedical.com.br\/produto\/pinca-dsp\/","url":"https:\/\/dspbiomedical.com.br\/produto\/pinca-dsp\/","name":"Pin\u00e7a DSP - DSP Biomedical","isPartOf":{"@id":"https:\/\/dspbiomedical.com.br\/#website"},"primaryImageOfPage":{"@id":"https:\/\/dspbiomedical.com.br\/produto\/pinca-dsp\/#primaryimage"},"image":{"@id":"https:\/\/dspbiomedical.com.br\/produto\/pinca-dsp\/#primaryimage"},"thumbnailUrl":"https:\/\/dspbiomedical.com.br\/wp-content\/uploads\/2024\/03\/pinca-small.jpg.webp","datePublished":"2024-03-22T05:55:59+00:00","breadcrumb":{"@id":"https:\/\/dspbiomedical.com.br\/produto\/pinca-dsp\/#breadcrumb"},"inLanguage":"en-US","potentialAction":[{"@type":"ReadAction","target":["https:\/\/dspbiomedical.com.br\/produto\/pinca-dsp\/"]}]},{"@type":"ImageObject","inLanguage":"en-US","@id":"https:\/\/dspbiomedical.com.br\/produto\/pinca-dsp\/#primaryimage","url":"https:\/\/dspbiomedical.com.br\/wp-content\/uploads\/2024\/03\/pinca-small.jpg.webp","contentUrl":"https:\/\/dspbiomedical.com.br\/wp-content\/uploads\/2024\/03\/pinca-small.jpg.webp","width":450,"height":450,"caption":"DSP Biomedical produz a mais completa linha de produtos para procedimentos de odontologia, cirurgia bucomaxilofacial e implantodontia do mercado nacional."},{"@type":"BreadcrumbList","@id":"https:\/\/dspbiomedical.com.br\/produto\/pinca-dsp\/#breadcrumb","itemListElement":[{"@type":"ListItem","position":1,"name":"In\u00edcio","item":"https:\/\/dspbiomedical.com.br\/"},{"@type":"ListItem","position":2,"name":"Produtos","item":"https:\/\/dspbiomedical.com.br\/shop\/"},{"@type":"ListItem","position":3,"name":"Pin\u00e7a DSP"}]},{"@type":"WebSite","@id":"https:\/\/dspbiomedical.com.br\/#website","url":"https:\/\/dspbiomedical.com.br\/","name":"DSP Biomedical","description":"","publisher":{"@id":"https:\/\/dspbiomedical.com.br\/#organization"},"potentialAction":[{"@type":"SearchAction","target":{"@type":"EntryPoint","urlTemplate":"https:\/\/dspbiomedical.com.br\/?s={search_term_string}"},"query-input":{"@type":"PropertyValueSpecification","valueRequired":true,"valueName":"search_term_string"}}],"inLanguage":"en-US"},{"@type":"Organization","@id":"https:\/\/dspbiomedical.com.br\/#organization","name":"DSP Biomedical","url":"https:\/\/dspbiomedical.com.br\/","logo":{"@type":"ImageObject","inLanguage":"en-US","@id":"https:\/\/dspbiomedical.com.br\/#\/schema\/logo\/image\/","url":"https:\/\/dspbiomedical.com.br\/wp-content\/uploads\/2024\/03\/cropped-logo_site_topo.png.webp","contentUrl":"https:\/\/dspbiomedical.com.br\/wp-content\/uploads\/2024\/03\/cropped-logo_site_topo.png.webp","width":117,"height":64,"caption":"DSP Biomedical"},"image":{"@id":"https:\/\/dspbiomedical.com.br\/#\/schema\/logo\/image\/"}}]}},"_links":{"self":[{"href":"https:\/\/dspbiomedical.com.br\/en\/wp-json\/wp\/v2\/product\/1971","targetHints":{"allow":["GET"]}}],"collection":[{"href":"https:\/\/dspbiomedical.com.br\/en\/wp-json\/wp\/v2\/product"}],"about":[{"href":"https:\/\/dspbiomedical.com.br\/en\/wp-json\/wp\/v2\/types\/product"}],"replies":[{"embeddable":true,"href":"https:\/\/dspbiomedical.com.br\/en\/wp-json\/wp\/v2\/comments?post=1971"}],"wp:featuredmedia":[{"embeddable":true,"href":"https:\/\/dspbiomedical.com.br\/en\/wp-json\/wp\/v2\/media\/1972"}],"wp:attachment":[{"href":"https:\/\/dspbiomedical.com.br\/en\/wp-json\/wp\/v2\/media?parent=1971"}],"wp:term":[{"taxonomy":"product_brand","embeddable":true,"href":"https:\/\/dspbiomedical.com.br\/en\/wp-json\/wp\/v2\/product_brand?post=1971"},{"taxonomy":"product_cat","embeddable":true,"href":"https:\/\/dspbiomedical.com.br\/en\/wp-json\/wp\/v2\/product_cat?post=1971"},{"taxonomy":"product_tag","embeddable":true,"href":"https:\/\/dspbiomedical.com.br\/en\/wp-json\/wp\/v2\/product_tag?post=1971"}],"curies":[{"name":"wp","href":"https:\/\/api.w.org\/{rel}","templated":true}]}}