{"id":988,"date":"2024-03-17T03:17:13","date_gmt":"2024-03-17T06:17:13","guid":{"rendered":"https:\/\/dspbiomedical.com.br\/?post_type=product&#038;p=988"},"modified":"2024-03-17T03:17:13","modified_gmt":"2024-03-17T06:17:13","slug":"hexagono-interno-standard-wayfit","status":"publish","type":"product","link":"https:\/\/dspbiomedical.com.br\/en\/product\/hexagono-interno-standard-wayfit\/","title":{"rendered":"Hex\u00e1gono Interno Standard Wayfit"},"content":{"rendered":"<p>\u2022 Interface Hex\u00e1gono Interno padr\u00e3o internacional.<br \/>\n\u2022 Interface prot\u00e9tica \u00fanica para toda linha HIS.<br \/>\n\u2022 Componentes prot\u00e9ticos unit\u00e1rios e m\u00faltiplos.<br \/>\n\u2022 Estabilidade prim\u00e1ria e secund\u00e1ria.<\/p>\n<p>Os implantes HIS Wayfit possuem corpo c\u00f4nico, perfil submergente na oclusal para redu\u00e7\u00e3o da ten\u00e7\u00e3o na cortical, roscas trapezoidais com dupla entrada, facetas de corte no \u00e1pice e no corpo, canais de vasculariza\u00e7\u00e3o na raiz e na crista da rosca. S\u00e3o indicados para instala\u00e7\u00e3o imediata ap\u00f3s a extra\u00e7\u00e3o, proporcionando uma instala\u00e7\u00e3o mais r\u00e1pida e menos traum\u00e1tica.<\/p>","protected":false},"excerpt":{"rendered":"<p>\u2022 Interface Hex\u00e1gono Interno padr\u00e3o internacional. \u2022 Interface prot\u00e9tica \u00fanica para toda linha HIS. \u2022 Componentes prot\u00e9ticos unit\u00e1rios e m\u00faltiplos. \u2022 Estabilidade prim\u00e1ria e secund\u00e1ria. Os implantes HIS Wayfit possuem corpo c\u00f4nico, perfil submergente na oclusal para redu\u00e7\u00e3o da ten\u00e7\u00e3o na cortical, roscas trapezoidais com dupla entrada, facetas de corte no \u00e1pice e no corpo, [&hellip;]<\/p>\n","protected":false},"featured_media":990,"comment_status":"closed","ping_status":"closed","template":"","meta":{"_acf_changed":false},"product_brand":[],"product_cat":[29],"product_tag":[],"class_list":{"0":"post-988","1":"product","2":"type-product","3":"status-publish","4":"has-post-thumbnail","6":"product_cat-hexagono-interno-standard","8":"first","9":"instock","10":"shipping-taxable","11":"product-type-simple"},"acf":[],"yoast_head":"<!-- This site is optimized with the Yoast SEO plugin v27.4 - https:\/\/yoast.com\/product\/yoast-seo-wordpress\/ -->\n<title>Hex\u00e1gono Interno Standard Wayfit - DSP Biomedical<\/title>\n<meta name=\"robots\" content=\"index, follow, max-snippet:-1, max-image-preview:large, max-video-preview:-1\" \/>\n<link rel=\"canonical\" href=\"https:\/\/dspbiomedical.com.br\/en\/product\/hexagono-interno-standard-wayfit\/\" \/>\n<meta property=\"og:locale\" content=\"en_US\" \/>\n<meta property=\"og:type\" content=\"article\" \/>\n<meta property=\"og:title\" content=\"Hex\u00e1gono Interno Standard Wayfit - DSP Biomedical\" \/>\n<meta property=\"og:description\" content=\"\u2022 Interface Hex\u00e1gono Interno padr\u00e3o internacional. \u2022 Interface prot\u00e9tica \u00fanica para toda linha HIS. \u2022 Componentes prot\u00e9ticos unit\u00e1rios e m\u00faltiplos. \u2022 Estabilidade prim\u00e1ria e secund\u00e1ria. Os implantes HIS Wayfit possuem corpo c\u00f4nico, perfil submergente na oclusal para redu\u00e7\u00e3o da ten\u00e7\u00e3o na cortical, roscas trapezoidais com dupla entrada, facetas de corte no \u00e1pice e no corpo, [&hellip;]\" \/>\n<meta property=\"og:url\" content=\"https:\/\/dspbiomedical.com.br\/en\/product\/hexagono-interno-standard-wayfit\/\" \/>\n<meta property=\"og:site_name\" content=\"DSP Biomedical\" \/>\n<meta property=\"og:image\" content=\"https:\/\/dspbiomedical.com.br\/wp-content\/uploads\/2024\/03\/his-wayfit-implante.webp\" \/>\n\t<meta property=\"og:image:width\" content=\"900\" \/>\n\t<meta property=\"og:image:height\" content=\"900\" \/>\n\t<meta property=\"og:image:type\" content=\"image\/webp\" \/>\n<meta name=\"twitter:card\" content=\"summary_large_image\" \/>\n<meta name=\"twitter:label1\" content=\"Est. reading time\" \/>\n\t<meta name=\"twitter:data1\" content=\"1 minute\" \/>\n<script type=\"application\/ld+json\" class=\"yoast-schema-graph\">{\"@context\":\"https:\\\/\\\/schema.org\",\"@graph\":[{\"@type\":\"WebPage\",\"@id\":\"https:\\\/\\\/dspbiomedical.com.br\\\/produto\\\/hexagono-interno-standard-wayfit\\\/\",\"url\":\"https:\\\/\\\/dspbiomedical.com.br\\\/produto\\\/hexagono-interno-standard-wayfit\\\/\",\"name\":\"Hex\u00e1gono Interno Standard Wayfit - DSP Biomedical\",\"isPartOf\":{\"@id\":\"https:\\\/\\\/dspbiomedical.com.br\\\/#website\"},\"primaryImageOfPage\":{\"@id\":\"https:\\\/\\\/dspbiomedical.com.br\\\/produto\\\/hexagono-interno-standard-wayfit\\\/#primaryimage\"},\"image\":{\"@id\":\"https:\\\/\\\/dspbiomedical.com.br\\\/produto\\\/hexagono-interno-standard-wayfit\\\/#primaryimage\"},\"thumbnailUrl\":\"https:\\\/\\\/dspbiomedical.com.br\\\/wp-content\\\/uploads\\\/2024\\\/03\\\/his-wayfit-implante.webp\",\"datePublished\":\"2024-03-17T06:17:13+00:00\",\"breadcrumb\":{\"@id\":\"https:\\\/\\\/dspbiomedical.com.br\\\/produto\\\/hexagono-interno-standard-wayfit\\\/#breadcrumb\"},\"inLanguage\":\"en-US\",\"potentialAction\":[{\"@type\":\"ReadAction\",\"target\":[\"https:\\\/\\\/dspbiomedical.com.br\\\/produto\\\/hexagono-interno-standard-wayfit\\\/\"]}]},{\"@type\":\"ImageObject\",\"inLanguage\":\"en-US\",\"@id\":\"https:\\\/\\\/dspbiomedical.com.br\\\/produto\\\/hexagono-interno-standard-wayfit\\\/#primaryimage\",\"url\":\"https:\\\/\\\/dspbiomedical.com.br\\\/wp-content\\\/uploads\\\/2024\\\/03\\\/his-wayfit-implante.webp\",\"contentUrl\":\"https:\\\/\\\/dspbiomedical.com.br\\\/wp-content\\\/uploads\\\/2024\\\/03\\\/his-wayfit-implante.webp\",\"width\":900,\"height\":900,\"caption\":\"DSP Biomedical produz a mais completa linha de produtos para procedimentos de odontologia, cirurgia bucomaxilofacial e implantodontia do mercado nacional.\"},{\"@type\":\"BreadcrumbList\",\"@id\":\"https:\\\/\\\/dspbiomedical.com.br\\\/produto\\\/hexagono-interno-standard-wayfit\\\/#breadcrumb\",\"itemListElement\":[{\"@type\":\"ListItem\",\"position\":1,\"name\":\"In\u00edcio\",\"item\":\"https:\\\/\\\/dspbiomedical.com.br\\\/\"},{\"@type\":\"ListItem\",\"position\":2,\"name\":\"Produtos\",\"item\":\"https:\\\/\\\/dspbiomedical.com.br\\\/shop\\\/\"},{\"@type\":\"ListItem\",\"position\":3,\"name\":\"Hex\u00e1gono Interno Standard Wayfit\"}]},{\"@type\":\"WebSite\",\"@id\":\"https:\\\/\\\/dspbiomedical.com.br\\\/#website\",\"url\":\"https:\\\/\\\/dspbiomedical.com.br\\\/\",\"name\":\"DSP Biomedical\",\"description\":\"\",\"publisher\":{\"@id\":\"https:\\\/\\\/dspbiomedical.com.br\\\/#organization\"},\"potentialAction\":[{\"@type\":\"SearchAction\",\"target\":{\"@type\":\"EntryPoint\",\"urlTemplate\":\"https:\\\/\\\/dspbiomedical.com.br\\\/?s={search_term_string}\"},\"query-input\":{\"@type\":\"PropertyValueSpecification\",\"valueRequired\":true,\"valueName\":\"search_term_string\"}}],\"inLanguage\":\"en-US\"},{\"@type\":\"Organization\",\"@id\":\"https:\\\/\\\/dspbiomedical.com.br\\\/#organization\",\"name\":\"DSP Biomedical\",\"url\":\"https:\\\/\\\/dspbiomedical.com.br\\\/\",\"logo\":{\"@type\":\"ImageObject\",\"inLanguage\":\"en-US\",\"@id\":\"https:\\\/\\\/dspbiomedical.com.br\\\/#\\\/schema\\\/logo\\\/image\\\/\",\"url\":\"https:\\\/\\\/dspbiomedical.com.br\\\/wp-content\\\/uploads\\\/2024\\\/03\\\/cropped-logo_site_topo.png.webp\",\"contentUrl\":\"https:\\\/\\\/dspbiomedical.com.br\\\/wp-content\\\/uploads\\\/2024\\\/03\\\/cropped-logo_site_topo.png.webp\",\"width\":117,\"height\":64,\"caption\":\"DSP Biomedical\"},\"image\":{\"@id\":\"https:\\\/\\\/dspbiomedical.com.br\\\/#\\\/schema\\\/logo\\\/image\\\/\"}}]}<\/script>\n<!-- \/ Yoast SEO plugin. -->","yoast_head_json":{"title":"Hex\u00e1gono Interno Standard Wayfit - DSP Biomedical","robots":{"index":"index","follow":"follow","max-snippet":"max-snippet:-1","max-image-preview":"max-image-preview:large","max-video-preview":"max-video-preview:-1"},"canonical":"https:\/\/dspbiomedical.com.br\/en\/product\/hexagono-interno-standard-wayfit\/","og_locale":"en_US","og_type":"article","og_title":"Hex\u00e1gono Interno Standard Wayfit - DSP Biomedical","og_description":"\u2022 Interface Hex\u00e1gono Interno padr\u00e3o internacional. \u2022 Interface prot\u00e9tica \u00fanica para toda linha HIS. \u2022 Componentes prot\u00e9ticos unit\u00e1rios e m\u00faltiplos. \u2022 Estabilidade prim\u00e1ria e secund\u00e1ria. Os implantes HIS Wayfit possuem corpo c\u00f4nico, perfil submergente na oclusal para redu\u00e7\u00e3o da ten\u00e7\u00e3o na cortical, roscas trapezoidais com dupla entrada, facetas de corte no \u00e1pice e no corpo, [&hellip;]","og_url":"https:\/\/dspbiomedical.com.br\/en\/product\/hexagono-interno-standard-wayfit\/","og_site_name":"DSP Biomedical","og_image":[{"width":900,"height":900,"url":"https:\/\/dspbiomedical.com.br\/wp-content\/uploads\/2024\/03\/his-wayfit-implante.webp","type":"image\/webp"}],"twitter_card":"summary_large_image","twitter_misc":{"Est. reading time":"1 minute"},"schema":{"@context":"https:\/\/schema.org","@graph":[{"@type":"WebPage","@id":"https:\/\/dspbiomedical.com.br\/produto\/hexagono-interno-standard-wayfit\/","url":"https:\/\/dspbiomedical.com.br\/produto\/hexagono-interno-standard-wayfit\/","name":"Hex\u00e1gono Interno Standard Wayfit - DSP Biomedical","isPartOf":{"@id":"https:\/\/dspbiomedical.com.br\/#website"},"primaryImageOfPage":{"@id":"https:\/\/dspbiomedical.com.br\/produto\/hexagono-interno-standard-wayfit\/#primaryimage"},"image":{"@id":"https:\/\/dspbiomedical.com.br\/produto\/hexagono-interno-standard-wayfit\/#primaryimage"},"thumbnailUrl":"https:\/\/dspbiomedical.com.br\/wp-content\/uploads\/2024\/03\/his-wayfit-implante.webp","datePublished":"2024-03-17T06:17:13+00:00","breadcrumb":{"@id":"https:\/\/dspbiomedical.com.br\/produto\/hexagono-interno-standard-wayfit\/#breadcrumb"},"inLanguage":"en-US","potentialAction":[{"@type":"ReadAction","target":["https:\/\/dspbiomedical.com.br\/produto\/hexagono-interno-standard-wayfit\/"]}]},{"@type":"ImageObject","inLanguage":"en-US","@id":"https:\/\/dspbiomedical.com.br\/produto\/hexagono-interno-standard-wayfit\/#primaryimage","url":"https:\/\/dspbiomedical.com.br\/wp-content\/uploads\/2024\/03\/his-wayfit-implante.webp","contentUrl":"https:\/\/dspbiomedical.com.br\/wp-content\/uploads\/2024\/03\/his-wayfit-implante.webp","width":900,"height":900,"caption":"DSP Biomedical produz a mais completa linha de produtos para procedimentos de odontologia, cirurgia bucomaxilofacial e implantodontia do mercado nacional."},{"@type":"BreadcrumbList","@id":"https:\/\/dspbiomedical.com.br\/produto\/hexagono-interno-standard-wayfit\/#breadcrumb","itemListElement":[{"@type":"ListItem","position":1,"name":"In\u00edcio","item":"https:\/\/dspbiomedical.com.br\/"},{"@type":"ListItem","position":2,"name":"Produtos","item":"https:\/\/dspbiomedical.com.br\/shop\/"},{"@type":"ListItem","position":3,"name":"Hex\u00e1gono Interno Standard Wayfit"}]},{"@type":"WebSite","@id":"https:\/\/dspbiomedical.com.br\/#website","url":"https:\/\/dspbiomedical.com.br\/","name":"DSP Biomedical","description":"","publisher":{"@id":"https:\/\/dspbiomedical.com.br\/#organization"},"potentialAction":[{"@type":"SearchAction","target":{"@type":"EntryPoint","urlTemplate":"https:\/\/dspbiomedical.com.br\/?s={search_term_string}"},"query-input":{"@type":"PropertyValueSpecification","valueRequired":true,"valueName":"search_term_string"}}],"inLanguage":"en-US"},{"@type":"Organization","@id":"https:\/\/dspbiomedical.com.br\/#organization","name":"DSP Biomedical","url":"https:\/\/dspbiomedical.com.br\/","logo":{"@type":"ImageObject","inLanguage":"en-US","@id":"https:\/\/dspbiomedical.com.br\/#\/schema\/logo\/image\/","url":"https:\/\/dspbiomedical.com.br\/wp-content\/uploads\/2024\/03\/cropped-logo_site_topo.png.webp","contentUrl":"https:\/\/dspbiomedical.com.br\/wp-content\/uploads\/2024\/03\/cropped-logo_site_topo.png.webp","width":117,"height":64,"caption":"DSP Biomedical"},"image":{"@id":"https:\/\/dspbiomedical.com.br\/#\/schema\/logo\/image\/"}}]}},"_links":{"self":[{"href":"https:\/\/dspbiomedical.com.br\/en\/wp-json\/wp\/v2\/product\/988","targetHints":{"allow":["GET"]}}],"collection":[{"href":"https:\/\/dspbiomedical.com.br\/en\/wp-json\/wp\/v2\/product"}],"about":[{"href":"https:\/\/dspbiomedical.com.br\/en\/wp-json\/wp\/v2\/types\/product"}],"replies":[{"embeddable":true,"href":"https:\/\/dspbiomedical.com.br\/en\/wp-json\/wp\/v2\/comments?post=988"}],"wp:featuredmedia":[{"embeddable":true,"href":"https:\/\/dspbiomedical.com.br\/en\/wp-json\/wp\/v2\/media\/990"}],"wp:attachment":[{"href":"https:\/\/dspbiomedical.com.br\/en\/wp-json\/wp\/v2\/media?parent=988"}],"wp:term":[{"taxonomy":"product_brand","embeddable":true,"href":"https:\/\/dspbiomedical.com.br\/en\/wp-json\/wp\/v2\/product_brand?post=988"},{"taxonomy":"product_cat","embeddable":true,"href":"https:\/\/dspbiomedical.com.br\/en\/wp-json\/wp\/v2\/product_cat?post=988"},{"taxonomy":"product_tag","embeddable":true,"href":"https:\/\/dspbiomedical.com.br\/en\/wp-json\/wp\/v2\/product_tag?post=988"}],"curies":[{"name":"wp","href":"https:\/\/api.w.org\/{rel}","templated":true}]}}