{"id":1132,"date":"2024-03-18T23:48:40","date_gmt":"2024-03-19T02:48:40","guid":{"rendered":"https:\/\/dspbiomedical.com.br\/?post_type=product&#038;p=1132"},"modified":"2024-03-18T23:48:41","modified_gmt":"2024-03-19T02:48:41","slug":"flexcone-slim","status":"publish","type":"product","link":"https:\/\/dspbiomedical.com.br\/es\/producto\/flexcone-slim\/","title":{"rendered":"FlexCone Slim"},"content":{"rendered":"<p>\u2022 Implante + Componente prot\u00e9tico em uma \u00fanica pe\u00e7a.<br \/>\n\u2022 Corpo maci\u00e7o em tit\u00e2nio.<br \/>\n\u2022 Corpo Slim.<br \/>\n\u2022 M\u00faltiplas solu\u00e7\u00f5es prot\u00e9ticas.<\/p>\n<p>Os implantes FlexCone\u00ae Slim possuem plataforma prot\u00e9tica com 4.0mm de di\u00e2metro, corpo cil\u00edndrico, colar polido, roscas trapezoidais, e \u00e1pice c\u00f4nico com facetas de corte. S\u00e3o indicados para aplica\u00e7\u00e3o em regi\u00f5es \u00f3sseas delgadas.<\/p>","protected":false},"excerpt":{"rendered":"<p>\u2022 Implante + Componente prot\u00e9tico em uma \u00fanica pe\u00e7a. \u2022 Corpo maci\u00e7o em tit\u00e2nio. \u2022 Corpo Slim. \u2022 M\u00faltiplas solu\u00e7\u00f5es prot\u00e9ticas. Os implantes FlexCone\u00ae Slim possuem plataforma prot\u00e9tica com 4.0mm de di\u00e2metro, corpo cil\u00edndrico, colar polido, roscas trapezoidais, e \u00e1pice c\u00f4nico com facetas de corte. S\u00e3o indicados para aplica\u00e7\u00e3o em regi\u00f5es \u00f3sseas delgadas.<\/p>","protected":false},"featured_media":1133,"comment_status":"closed","ping_status":"closed","template":"","meta":{"_acf_changed":false},"product_brand":[],"product_cat":[31],"product_tag":[],"class_list":{"0":"post-1132","1":"product","2":"type-product","3":"status-publish","4":"has-post-thumbnail","6":"product_cat-flexcone","8":"first","9":"instock","10":"shipping-taxable","11":"product-type-simple"},"acf":[],"yoast_head":"<!-- This site is optimized with the Yoast SEO plugin v27.4 - https:\/\/yoast.com\/product\/yoast-seo-wordpress\/ -->\n<title>FlexCone Slim - DSP Biomedical<\/title>\n<meta name=\"robots\" content=\"index, follow, max-snippet:-1, max-image-preview:large, max-video-preview:-1\" \/>\n<link rel=\"canonical\" href=\"https:\/\/dspbiomedical.com.br\/es\/producto\/flexcone-slim\/\" \/>\n<meta property=\"og:locale\" content=\"es_ES\" \/>\n<meta property=\"og:type\" content=\"article\" \/>\n<meta property=\"og:title\" content=\"FlexCone Slim - DSP Biomedical\" \/>\n<meta property=\"og:description\" content=\"\u2022 Implante + Componente prot\u00e9tico em uma \u00fanica pe\u00e7a. \u2022 Corpo maci\u00e7o em tit\u00e2nio. \u2022 Corpo Slim. \u2022 M\u00faltiplas solu\u00e7\u00f5es prot\u00e9ticas. Os implantes FlexCone\u00ae Slim possuem plataforma prot\u00e9tica com 4.0mm de di\u00e2metro, corpo cil\u00edndrico, colar polido, roscas trapezoidais, e \u00e1pice c\u00f4nico com facetas de corte. S\u00e3o indicados para aplica\u00e7\u00e3o em regi\u00f5es \u00f3sseas delgadas.\" \/>\n<meta property=\"og:url\" content=\"https:\/\/dspbiomedical.com.br\/es\/producto\/flexcone-slim\/\" \/>\n<meta property=\"og:site_name\" content=\"DSP Biomedical\" \/>\n<meta property=\"article:modified_time\" content=\"2024-03-19T02:48:41+00:00\" \/>\n<meta property=\"og:image\" content=\"https:\/\/dspbiomedical.com.br\/wp-content\/uploads\/2024\/03\/fc-slim-implante.webp\" \/>\n\t<meta property=\"og:image:width\" content=\"900\" \/>\n\t<meta property=\"og:image:height\" content=\"900\" \/>\n\t<meta property=\"og:image:type\" content=\"image\/webp\" \/>\n<meta name=\"twitter:card\" content=\"summary_large_image\" \/>\n<meta name=\"twitter:label1\" content=\"Tiempo de lectura\" \/>\n\t<meta name=\"twitter:data1\" content=\"1 minuto\" \/>\n<script type=\"application\/ld+json\" class=\"yoast-schema-graph\">{\"@context\":\"https:\\\/\\\/schema.org\",\"@graph\":[{\"@type\":\"WebPage\",\"@id\":\"https:\\\/\\\/dspbiomedical.com.br\\\/produto\\\/flexcone-slim\\\/\",\"url\":\"https:\\\/\\\/dspbiomedical.com.br\\\/produto\\\/flexcone-slim\\\/\",\"name\":\"FlexCone Slim - DSP Biomedical\",\"isPartOf\":{\"@id\":\"https:\\\/\\\/dspbiomedical.com.br\\\/#website\"},\"primaryImageOfPage\":{\"@id\":\"https:\\\/\\\/dspbiomedical.com.br\\\/produto\\\/flexcone-slim\\\/#primaryimage\"},\"image\":{\"@id\":\"https:\\\/\\\/dspbiomedical.com.br\\\/produto\\\/flexcone-slim\\\/#primaryimage\"},\"thumbnailUrl\":\"https:\\\/\\\/dspbiomedical.com.br\\\/wp-content\\\/uploads\\\/2024\\\/03\\\/fc-slim-implante.webp\",\"datePublished\":\"2024-03-19T02:48:40+00:00\",\"dateModified\":\"2024-03-19T02:48:41+00:00\",\"breadcrumb\":{\"@id\":\"https:\\\/\\\/dspbiomedical.com.br\\\/produto\\\/flexcone-slim\\\/#breadcrumb\"},\"inLanguage\":\"es\",\"potentialAction\":[{\"@type\":\"ReadAction\",\"target\":[\"https:\\\/\\\/dspbiomedical.com.br\\\/produto\\\/flexcone-slim\\\/\"]}]},{\"@type\":\"ImageObject\",\"inLanguage\":\"es\",\"@id\":\"https:\\\/\\\/dspbiomedical.com.br\\\/produto\\\/flexcone-slim\\\/#primaryimage\",\"url\":\"https:\\\/\\\/dspbiomedical.com.br\\\/wp-content\\\/uploads\\\/2024\\\/03\\\/fc-slim-implante.webp\",\"contentUrl\":\"https:\\\/\\\/dspbiomedical.com.br\\\/wp-content\\\/uploads\\\/2024\\\/03\\\/fc-slim-implante.webp\",\"width\":900,\"height\":900,\"caption\":\"DSP Biomedical produz a mais completa linha de produtos para procedimentos de odontologia, cirurgia bucomaxilofacial e implantodontia do mercado nacional.\"},{\"@type\":\"BreadcrumbList\",\"@id\":\"https:\\\/\\\/dspbiomedical.com.br\\\/produto\\\/flexcone-slim\\\/#breadcrumb\",\"itemListElement\":[{\"@type\":\"ListItem\",\"position\":1,\"name\":\"In\u00edcio\",\"item\":\"https:\\\/\\\/dspbiomedical.com.br\\\/\"},{\"@type\":\"ListItem\",\"position\":2,\"name\":\"Produtos\",\"item\":\"https:\\\/\\\/dspbiomedical.com.br\\\/shop\\\/\"},{\"@type\":\"ListItem\",\"position\":3,\"name\":\"FlexCone Slim\"}]},{\"@type\":\"WebSite\",\"@id\":\"https:\\\/\\\/dspbiomedical.com.br\\\/#website\",\"url\":\"https:\\\/\\\/dspbiomedical.com.br\\\/\",\"name\":\"DSP Biomedical\",\"description\":\"\",\"publisher\":{\"@id\":\"https:\\\/\\\/dspbiomedical.com.br\\\/#organization\"},\"potentialAction\":[{\"@type\":\"SearchAction\",\"target\":{\"@type\":\"EntryPoint\",\"urlTemplate\":\"https:\\\/\\\/dspbiomedical.com.br\\\/?s={search_term_string}\"},\"query-input\":{\"@type\":\"PropertyValueSpecification\",\"valueRequired\":true,\"valueName\":\"search_term_string\"}}],\"inLanguage\":\"es\"},{\"@type\":\"Organization\",\"@id\":\"https:\\\/\\\/dspbiomedical.com.br\\\/#organization\",\"name\":\"DSP Biomedical\",\"url\":\"https:\\\/\\\/dspbiomedical.com.br\\\/\",\"logo\":{\"@type\":\"ImageObject\",\"inLanguage\":\"es\",\"@id\":\"https:\\\/\\\/dspbiomedical.com.br\\\/#\\\/schema\\\/logo\\\/image\\\/\",\"url\":\"https:\\\/\\\/dspbiomedical.com.br\\\/wp-content\\\/uploads\\\/2024\\\/03\\\/cropped-logo_site_topo.png.webp\",\"contentUrl\":\"https:\\\/\\\/dspbiomedical.com.br\\\/wp-content\\\/uploads\\\/2024\\\/03\\\/cropped-logo_site_topo.png.webp\",\"width\":117,\"height\":64,\"caption\":\"DSP Biomedical\"},\"image\":{\"@id\":\"https:\\\/\\\/dspbiomedical.com.br\\\/#\\\/schema\\\/logo\\\/image\\\/\"}}]}<\/script>\n<!-- \/ Yoast SEO plugin. -->","yoast_head_json":{"title":"FlexCone Slim - DSP Biomedical","robots":{"index":"index","follow":"follow","max-snippet":"max-snippet:-1","max-image-preview":"max-image-preview:large","max-video-preview":"max-video-preview:-1"},"canonical":"https:\/\/dspbiomedical.com.br\/es\/producto\/flexcone-slim\/","og_locale":"es_ES","og_type":"article","og_title":"FlexCone Slim - DSP Biomedical","og_description":"\u2022 Implante + Componente prot\u00e9tico em uma \u00fanica pe\u00e7a. \u2022 Corpo maci\u00e7o em tit\u00e2nio. \u2022 Corpo Slim. \u2022 M\u00faltiplas solu\u00e7\u00f5es prot\u00e9ticas. Os implantes FlexCone\u00ae Slim possuem plataforma prot\u00e9tica com 4.0mm de di\u00e2metro, corpo cil\u00edndrico, colar polido, roscas trapezoidais, e \u00e1pice c\u00f4nico com facetas de corte. S\u00e3o indicados para aplica\u00e7\u00e3o em regi\u00f5es \u00f3sseas delgadas.","og_url":"https:\/\/dspbiomedical.com.br\/es\/producto\/flexcone-slim\/","og_site_name":"DSP Biomedical","article_modified_time":"2024-03-19T02:48:41+00:00","og_image":[{"width":900,"height":900,"url":"https:\/\/dspbiomedical.com.br\/wp-content\/uploads\/2024\/03\/fc-slim-implante.webp","type":"image\/webp"}],"twitter_card":"summary_large_image","twitter_misc":{"Tiempo de lectura":"1 minuto"},"schema":{"@context":"https:\/\/schema.org","@graph":[{"@type":"WebPage","@id":"https:\/\/dspbiomedical.com.br\/produto\/flexcone-slim\/","url":"https:\/\/dspbiomedical.com.br\/produto\/flexcone-slim\/","name":"FlexCone Slim - DSP Biomedical","isPartOf":{"@id":"https:\/\/dspbiomedical.com.br\/#website"},"primaryImageOfPage":{"@id":"https:\/\/dspbiomedical.com.br\/produto\/flexcone-slim\/#primaryimage"},"image":{"@id":"https:\/\/dspbiomedical.com.br\/produto\/flexcone-slim\/#primaryimage"},"thumbnailUrl":"https:\/\/dspbiomedical.com.br\/wp-content\/uploads\/2024\/03\/fc-slim-implante.webp","datePublished":"2024-03-19T02:48:40+00:00","dateModified":"2024-03-19T02:48:41+00:00","breadcrumb":{"@id":"https:\/\/dspbiomedical.com.br\/produto\/flexcone-slim\/#breadcrumb"},"inLanguage":"es","potentialAction":[{"@type":"ReadAction","target":["https:\/\/dspbiomedical.com.br\/produto\/flexcone-slim\/"]}]},{"@type":"ImageObject","inLanguage":"es","@id":"https:\/\/dspbiomedical.com.br\/produto\/flexcone-slim\/#primaryimage","url":"https:\/\/dspbiomedical.com.br\/wp-content\/uploads\/2024\/03\/fc-slim-implante.webp","contentUrl":"https:\/\/dspbiomedical.com.br\/wp-content\/uploads\/2024\/03\/fc-slim-implante.webp","width":900,"height":900,"caption":"DSP Biomedical produz a mais completa linha de produtos para procedimentos de odontologia, cirurgia bucomaxilofacial e implantodontia do mercado nacional."},{"@type":"BreadcrumbList","@id":"https:\/\/dspbiomedical.com.br\/produto\/flexcone-slim\/#breadcrumb","itemListElement":[{"@type":"ListItem","position":1,"name":"In\u00edcio","item":"https:\/\/dspbiomedical.com.br\/"},{"@type":"ListItem","position":2,"name":"Produtos","item":"https:\/\/dspbiomedical.com.br\/shop\/"},{"@type":"ListItem","position":3,"name":"FlexCone Slim"}]},{"@type":"WebSite","@id":"https:\/\/dspbiomedical.com.br\/#website","url":"https:\/\/dspbiomedical.com.br\/","name":"DSP Biomedical","description":"","publisher":{"@id":"https:\/\/dspbiomedical.com.br\/#organization"},"potentialAction":[{"@type":"SearchAction","target":{"@type":"EntryPoint","urlTemplate":"https:\/\/dspbiomedical.com.br\/?s={search_term_string}"},"query-input":{"@type":"PropertyValueSpecification","valueRequired":true,"valueName":"search_term_string"}}],"inLanguage":"es"},{"@type":"Organization","@id":"https:\/\/dspbiomedical.com.br\/#organization","name":"DSP Biomedical","url":"https:\/\/dspbiomedical.com.br\/","logo":{"@type":"ImageObject","inLanguage":"es","@id":"https:\/\/dspbiomedical.com.br\/#\/schema\/logo\/image\/","url":"https:\/\/dspbiomedical.com.br\/wp-content\/uploads\/2024\/03\/cropped-logo_site_topo.png.webp","contentUrl":"https:\/\/dspbiomedical.com.br\/wp-content\/uploads\/2024\/03\/cropped-logo_site_topo.png.webp","width":117,"height":64,"caption":"DSP Biomedical"},"image":{"@id":"https:\/\/dspbiomedical.com.br\/#\/schema\/logo\/image\/"}}]}},"_links":{"self":[{"href":"https:\/\/dspbiomedical.com.br\/es\/wp-json\/wp\/v2\/product\/1132","targetHints":{"allow":["GET"]}}],"collection":[{"href":"https:\/\/dspbiomedical.com.br\/es\/wp-json\/wp\/v2\/product"}],"about":[{"href":"https:\/\/dspbiomedical.com.br\/es\/wp-json\/wp\/v2\/types\/product"}],"replies":[{"embeddable":true,"href":"https:\/\/dspbiomedical.com.br\/es\/wp-json\/wp\/v2\/comments?post=1132"}],"wp:featuredmedia":[{"embeddable":true,"href":"https:\/\/dspbiomedical.com.br\/es\/wp-json\/wp\/v2\/media\/1133"}],"wp:attachment":[{"href":"https:\/\/dspbiomedical.com.br\/es\/wp-json\/wp\/v2\/media?parent=1132"}],"wp:term":[{"taxonomy":"product_brand","embeddable":true,"href":"https:\/\/dspbiomedical.com.br\/es\/wp-json\/wp\/v2\/product_brand?post=1132"},{"taxonomy":"product_cat","embeddable":true,"href":"https:\/\/dspbiomedical.com.br\/es\/wp-json\/wp\/v2\/product_cat?post=1132"},{"taxonomy":"product_tag","embeddable":true,"href":"https:\/\/dspbiomedical.com.br\/es\/wp-json\/wp\/v2\/product_tag?post=1132"}],"curies":[{"name":"wp","href":"https:\/\/api.w.org\/{rel}","templated":true}]}}