{"id":1259,"date":"2024-03-19T01:30:47","date_gmt":"2024-03-19T04:30:47","guid":{"rendered":"https:\/\/dspbiomedical.com.br\/?post_type=product&#038;p=1259"},"modified":"2024-03-19T01:34:12","modified_gmt":"2024-03-19T04:34:12","slug":"cone-morse-hexagonal-slim","status":"publish","type":"product","link":"https:\/\/dspbiomedical.com.br\/es\/producto\/cone-morse-hexagonal-slim\/","title":{"rendered":"Cone Morse Hexagonal Slim"},"content":{"rendered":"<p>O Implante cil\u00edndrico cone morse Hexagonal de di\u00e2metro 3.3 evid\u00eancia o conceito SlimFit assegurando uma estabilidade mec\u00e2nica ideal em leitos \u00f3sseos estreitos de diferentes qualidades \u00f3sseas, respeitando as estruturas biol\u00f3gicas do complexo periimplantar.<\/p>\n<p>A reversibilidade prot\u00e9tica proporcionada pela plataforma interna possibilita previsibilidade para as restaura\u00e7\u00f5es prot\u00e9ticas unit\u00e1rias e m\u00faltiplas assegurando a higidez dos tecidos relacionados aos crit\u00e9rios funcionais e aspectos est\u00e9ticos.<\/p>\n<p>Apresenta pesco\u00e7o polido de altura 1,0mm que permite a manuten\u00e7\u00e3o das caracter\u00edsticas naturais dos tecidos periimplantares.<\/p>","protected":false},"excerpt":{"rendered":"<p>O Implante cil\u00edndrico cone morse Hexagonal de di\u00e2metro 3.3 evid\u00eancia o conceito SlimFit assegurando uma estabilidade mec\u00e2nica ideal em leitos \u00f3sseos estreitos de diferentes qualidades \u00f3sseas, respeitando as estruturas biol\u00f3gicas do complexo periimplantar. A reversibilidade prot\u00e9tica proporcionada pela plataforma interna possibilita previsibilidade para as restaura\u00e7\u00f5es prot\u00e9ticas unit\u00e1rias e m\u00faltiplas assegurando a higidez dos tecidos relacionados [&hellip;]<\/p>\n","protected":false},"featured_media":1260,"comment_status":"closed","ping_status":"closed","template":"","meta":{"_acf_changed":false},"product_brand":[],"product_cat":[33],"product_tag":[],"class_list":{"0":"post-1259","1":"product","2":"type-product","3":"status-publish","4":"has-post-thumbnail","6":"product_cat-cone-morse-hexagonal","8":"first","9":"instock","10":"shipping-taxable","11":"product-type-simple"},"acf":[],"yoast_head":"<!-- This site is optimized with the Yoast SEO plugin v27.4 - https:\/\/yoast.com\/product\/yoast-seo-wordpress\/ -->\n<title>Cone Morse Hexagonal Slim - DSP Biomedical<\/title>\n<meta name=\"robots\" content=\"index, follow, max-snippet:-1, max-image-preview:large, max-video-preview:-1\" \/>\n<link rel=\"canonical\" href=\"https:\/\/dspbiomedical.com.br\/es\/producto\/cone-morse-hexagonal-slim\/\" \/>\n<meta property=\"og:locale\" content=\"es_ES\" \/>\n<meta property=\"og:type\" content=\"article\" \/>\n<meta property=\"og:title\" content=\"Cone Morse Hexagonal Slim - DSP Biomedical\" \/>\n<meta property=\"og:description\" content=\"O Implante cil\u00edndrico cone morse Hexagonal de di\u00e2metro 3.3 evid\u00eancia o conceito SlimFit assegurando uma estabilidade mec\u00e2nica ideal em leitos \u00f3sseos estreitos de diferentes qualidades \u00f3sseas, respeitando as estruturas biol\u00f3gicas do complexo periimplantar. A reversibilidade prot\u00e9tica proporcionada pela plataforma interna possibilita previsibilidade para as restaura\u00e7\u00f5es prot\u00e9ticas unit\u00e1rias e m\u00faltiplas assegurando a higidez dos tecidos relacionados [&hellip;]\" \/>\n<meta property=\"og:url\" content=\"https:\/\/dspbiomedical.com.br\/es\/producto\/cone-morse-hexagonal-slim\/\" \/>\n<meta property=\"og:site_name\" content=\"DSP Biomedical\" \/>\n<meta property=\"article:modified_time\" content=\"2024-03-19T04:34:12+00:00\" \/>\n<meta property=\"og:image\" content=\"https:\/\/dspbiomedical.com.br\/wp-content\/uploads\/2024\/03\/cmh-slim.webp\" \/>\n\t<meta property=\"og:image:width\" content=\"450\" \/>\n\t<meta property=\"og:image:height\" content=\"450\" \/>\n\t<meta property=\"og:image:type\" content=\"image\/webp\" \/>\n<meta name=\"twitter:card\" content=\"summary_large_image\" \/>\n<meta name=\"twitter:label1\" content=\"Tiempo de lectura\" \/>\n\t<meta name=\"twitter:data1\" content=\"1 minuto\" \/>\n<script type=\"application\/ld+json\" class=\"yoast-schema-graph\">{\"@context\":\"https:\\\/\\\/schema.org\",\"@graph\":[{\"@type\":\"WebPage\",\"@id\":\"https:\\\/\\\/dspbiomedical.com.br\\\/produto\\\/cone-morse-hexagonal-slim\\\/\",\"url\":\"https:\\\/\\\/dspbiomedical.com.br\\\/produto\\\/cone-morse-hexagonal-slim\\\/\",\"name\":\"Cone Morse Hexagonal Slim - DSP Biomedical\",\"isPartOf\":{\"@id\":\"https:\\\/\\\/dspbiomedical.com.br\\\/#website\"},\"primaryImageOfPage\":{\"@id\":\"https:\\\/\\\/dspbiomedical.com.br\\\/produto\\\/cone-morse-hexagonal-slim\\\/#primaryimage\"},\"image\":{\"@id\":\"https:\\\/\\\/dspbiomedical.com.br\\\/produto\\\/cone-morse-hexagonal-slim\\\/#primaryimage\"},\"thumbnailUrl\":\"https:\\\/\\\/dspbiomedical.com.br\\\/wp-content\\\/uploads\\\/2024\\\/03\\\/cmh-slim.webp\",\"datePublished\":\"2024-03-19T04:30:47+00:00\",\"dateModified\":\"2024-03-19T04:34:12+00:00\",\"breadcrumb\":{\"@id\":\"https:\\\/\\\/dspbiomedical.com.br\\\/produto\\\/cone-morse-hexagonal-slim\\\/#breadcrumb\"},\"inLanguage\":\"es\",\"potentialAction\":[{\"@type\":\"ReadAction\",\"target\":[\"https:\\\/\\\/dspbiomedical.com.br\\\/produto\\\/cone-morse-hexagonal-slim\\\/\"]}]},{\"@type\":\"ImageObject\",\"inLanguage\":\"es\",\"@id\":\"https:\\\/\\\/dspbiomedical.com.br\\\/produto\\\/cone-morse-hexagonal-slim\\\/#primaryimage\",\"url\":\"https:\\\/\\\/dspbiomedical.com.br\\\/wp-content\\\/uploads\\\/2024\\\/03\\\/cmh-slim.webp\",\"contentUrl\":\"https:\\\/\\\/dspbiomedical.com.br\\\/wp-content\\\/uploads\\\/2024\\\/03\\\/cmh-slim.webp\",\"width\":450,\"height\":450,\"caption\":\"DSP Biomedical produz a mais completa linha de produtos para procedimentos de odontologia, cirurgia bucomaxilofacial e implantodontia do mercado nacional.\"},{\"@type\":\"BreadcrumbList\",\"@id\":\"https:\\\/\\\/dspbiomedical.com.br\\\/produto\\\/cone-morse-hexagonal-slim\\\/#breadcrumb\",\"itemListElement\":[{\"@type\":\"ListItem\",\"position\":1,\"name\":\"In\u00edcio\",\"item\":\"https:\\\/\\\/dspbiomedical.com.br\\\/\"},{\"@type\":\"ListItem\",\"position\":2,\"name\":\"Produtos\",\"item\":\"https:\\\/\\\/dspbiomedical.com.br\\\/shop\\\/\"},{\"@type\":\"ListItem\",\"position\":3,\"name\":\"Cone Morse Hexagonal Slim\"}]},{\"@type\":\"WebSite\",\"@id\":\"https:\\\/\\\/dspbiomedical.com.br\\\/#website\",\"url\":\"https:\\\/\\\/dspbiomedical.com.br\\\/\",\"name\":\"DSP Biomedical\",\"description\":\"\",\"publisher\":{\"@id\":\"https:\\\/\\\/dspbiomedical.com.br\\\/#organization\"},\"potentialAction\":[{\"@type\":\"SearchAction\",\"target\":{\"@type\":\"EntryPoint\",\"urlTemplate\":\"https:\\\/\\\/dspbiomedical.com.br\\\/?s={search_term_string}\"},\"query-input\":{\"@type\":\"PropertyValueSpecification\",\"valueRequired\":true,\"valueName\":\"search_term_string\"}}],\"inLanguage\":\"es\"},{\"@type\":\"Organization\",\"@id\":\"https:\\\/\\\/dspbiomedical.com.br\\\/#organization\",\"name\":\"DSP Biomedical\",\"url\":\"https:\\\/\\\/dspbiomedical.com.br\\\/\",\"logo\":{\"@type\":\"ImageObject\",\"inLanguage\":\"es\",\"@id\":\"https:\\\/\\\/dspbiomedical.com.br\\\/#\\\/schema\\\/logo\\\/image\\\/\",\"url\":\"https:\\\/\\\/dspbiomedical.com.br\\\/wp-content\\\/uploads\\\/2024\\\/03\\\/cropped-logo_site_topo.png.webp\",\"contentUrl\":\"https:\\\/\\\/dspbiomedical.com.br\\\/wp-content\\\/uploads\\\/2024\\\/03\\\/cropped-logo_site_topo.png.webp\",\"width\":117,\"height\":64,\"caption\":\"DSP Biomedical\"},\"image\":{\"@id\":\"https:\\\/\\\/dspbiomedical.com.br\\\/#\\\/schema\\\/logo\\\/image\\\/\"}}]}<\/script>\n<!-- \/ Yoast SEO plugin. -->","yoast_head_json":{"title":"Cone Morse Hexagonal Slim - DSP Biomedical","robots":{"index":"index","follow":"follow","max-snippet":"max-snippet:-1","max-image-preview":"max-image-preview:large","max-video-preview":"max-video-preview:-1"},"canonical":"https:\/\/dspbiomedical.com.br\/es\/producto\/cone-morse-hexagonal-slim\/","og_locale":"es_ES","og_type":"article","og_title":"Cone Morse Hexagonal Slim - DSP Biomedical","og_description":"O Implante cil\u00edndrico cone morse Hexagonal de di\u00e2metro 3.3 evid\u00eancia o conceito SlimFit assegurando uma estabilidade mec\u00e2nica ideal em leitos \u00f3sseos estreitos de diferentes qualidades \u00f3sseas, respeitando as estruturas biol\u00f3gicas do complexo periimplantar. A reversibilidade prot\u00e9tica proporcionada pela plataforma interna possibilita previsibilidade para as restaura\u00e7\u00f5es prot\u00e9ticas unit\u00e1rias e m\u00faltiplas assegurando a higidez dos tecidos relacionados [&hellip;]","og_url":"https:\/\/dspbiomedical.com.br\/es\/producto\/cone-morse-hexagonal-slim\/","og_site_name":"DSP Biomedical","article_modified_time":"2024-03-19T04:34:12+00:00","og_image":[{"width":450,"height":450,"url":"https:\/\/dspbiomedical.com.br\/wp-content\/uploads\/2024\/03\/cmh-slim.webp","type":"image\/webp"}],"twitter_card":"summary_large_image","twitter_misc":{"Tiempo de lectura":"1 minuto"},"schema":{"@context":"https:\/\/schema.org","@graph":[{"@type":"WebPage","@id":"https:\/\/dspbiomedical.com.br\/produto\/cone-morse-hexagonal-slim\/","url":"https:\/\/dspbiomedical.com.br\/produto\/cone-morse-hexagonal-slim\/","name":"Cone Morse Hexagonal Slim - DSP Biomedical","isPartOf":{"@id":"https:\/\/dspbiomedical.com.br\/#website"},"primaryImageOfPage":{"@id":"https:\/\/dspbiomedical.com.br\/produto\/cone-morse-hexagonal-slim\/#primaryimage"},"image":{"@id":"https:\/\/dspbiomedical.com.br\/produto\/cone-morse-hexagonal-slim\/#primaryimage"},"thumbnailUrl":"https:\/\/dspbiomedical.com.br\/wp-content\/uploads\/2024\/03\/cmh-slim.webp","datePublished":"2024-03-19T04:30:47+00:00","dateModified":"2024-03-19T04:34:12+00:00","breadcrumb":{"@id":"https:\/\/dspbiomedical.com.br\/produto\/cone-morse-hexagonal-slim\/#breadcrumb"},"inLanguage":"es","potentialAction":[{"@type":"ReadAction","target":["https:\/\/dspbiomedical.com.br\/produto\/cone-morse-hexagonal-slim\/"]}]},{"@type":"ImageObject","inLanguage":"es","@id":"https:\/\/dspbiomedical.com.br\/produto\/cone-morse-hexagonal-slim\/#primaryimage","url":"https:\/\/dspbiomedical.com.br\/wp-content\/uploads\/2024\/03\/cmh-slim.webp","contentUrl":"https:\/\/dspbiomedical.com.br\/wp-content\/uploads\/2024\/03\/cmh-slim.webp","width":450,"height":450,"caption":"DSP Biomedical produz a mais completa linha de produtos para procedimentos de odontologia, cirurgia bucomaxilofacial e implantodontia do mercado nacional."},{"@type":"BreadcrumbList","@id":"https:\/\/dspbiomedical.com.br\/produto\/cone-morse-hexagonal-slim\/#breadcrumb","itemListElement":[{"@type":"ListItem","position":1,"name":"In\u00edcio","item":"https:\/\/dspbiomedical.com.br\/"},{"@type":"ListItem","position":2,"name":"Produtos","item":"https:\/\/dspbiomedical.com.br\/shop\/"},{"@type":"ListItem","position":3,"name":"Cone Morse Hexagonal Slim"}]},{"@type":"WebSite","@id":"https:\/\/dspbiomedical.com.br\/#website","url":"https:\/\/dspbiomedical.com.br\/","name":"DSP Biomedical","description":"","publisher":{"@id":"https:\/\/dspbiomedical.com.br\/#organization"},"potentialAction":[{"@type":"SearchAction","target":{"@type":"EntryPoint","urlTemplate":"https:\/\/dspbiomedical.com.br\/?s={search_term_string}"},"query-input":{"@type":"PropertyValueSpecification","valueRequired":true,"valueName":"search_term_string"}}],"inLanguage":"es"},{"@type":"Organization","@id":"https:\/\/dspbiomedical.com.br\/#organization","name":"DSP Biomedical","url":"https:\/\/dspbiomedical.com.br\/","logo":{"@type":"ImageObject","inLanguage":"es","@id":"https:\/\/dspbiomedical.com.br\/#\/schema\/logo\/image\/","url":"https:\/\/dspbiomedical.com.br\/wp-content\/uploads\/2024\/03\/cropped-logo_site_topo.png.webp","contentUrl":"https:\/\/dspbiomedical.com.br\/wp-content\/uploads\/2024\/03\/cropped-logo_site_topo.png.webp","width":117,"height":64,"caption":"DSP Biomedical"},"image":{"@id":"https:\/\/dspbiomedical.com.br\/#\/schema\/logo\/image\/"}}]}},"_links":{"self":[{"href":"https:\/\/dspbiomedical.com.br\/es\/wp-json\/wp\/v2\/product\/1259","targetHints":{"allow":["GET"]}}],"collection":[{"href":"https:\/\/dspbiomedical.com.br\/es\/wp-json\/wp\/v2\/product"}],"about":[{"href":"https:\/\/dspbiomedical.com.br\/es\/wp-json\/wp\/v2\/types\/product"}],"replies":[{"embeddable":true,"href":"https:\/\/dspbiomedical.com.br\/es\/wp-json\/wp\/v2\/comments?post=1259"}],"wp:featuredmedia":[{"embeddable":true,"href":"https:\/\/dspbiomedical.com.br\/es\/wp-json\/wp\/v2\/media\/1260"}],"wp:attachment":[{"href":"https:\/\/dspbiomedical.com.br\/es\/wp-json\/wp\/v2\/media?parent=1259"}],"wp:term":[{"taxonomy":"product_brand","embeddable":true,"href":"https:\/\/dspbiomedical.com.br\/es\/wp-json\/wp\/v2\/product_brand?post=1259"},{"taxonomy":"product_cat","embeddable":true,"href":"https:\/\/dspbiomedical.com.br\/es\/wp-json\/wp\/v2\/product_cat?post=1259"},{"taxonomy":"product_tag","embeddable":true,"href":"https:\/\/dspbiomedical.com.br\/es\/wp-json\/wp\/v2\/product_tag?post=1259"}],"curies":[{"name":"wp","href":"https:\/\/api.w.org\/{rel}","templated":true}]}}