{"id":1295,"date":"2024-03-19T02:03:00","date_gmt":"2024-03-19T05:03:00","guid":{"rendered":"https:\/\/dspbiomedical.com.br\/?post_type=product&#038;p=1295"},"modified":"2024-03-19T02:03:00","modified_gmt":"2024-03-19T05:03:00","slug":"cone-morse-hexagonal","status":"publish","type":"product","link":"https:\/\/dspbiomedical.com.br\/es\/producto\/cone-morse-hexagonal\/","title":{"rendered":"Cone Morse Hexagonal"},"content":{"rendered":"<p>Implante vers\u00e1til para migra\u00e7\u00e3o do sistema hex\u00e1gono externo para o Cone Morse. Os implantes CMH combinam a conex\u00e3o hex\u00e1gono interno com o morse de 40\u00ba, o mesmo \u00e2ngulo do mini pilar onde se parafusa a pr\u00f3tese. O que possibilita a conex\u00e3o de uma pr\u00f3tese tipo protocolo diretamente sobre o implante, tendo os mesmos processos prot\u00e9ticos e cirurgicos do hex\u00e1gono externo.<\/p>\n<p>Possui rosca trapezoidal c\u00f4nica no seu perfil interno e cil\u00edndrica no seu perfil externo, por\u00e9m utilizamos na cirurgia brocas cil\u00edndricas. Possui cinta ultra polida de 1mm na sua regi\u00e3o incisal, que permite a instala\u00e7\u00e3o supra \u00f3ssea.<\/p>","protected":false},"excerpt":{"rendered":"<p>Implante vers\u00e1til para migra\u00e7\u00e3o do sistema hex\u00e1gono externo para o Cone Morse. Os implantes CMH combinam a conex\u00e3o hex\u00e1gono interno com o morse de 40\u00ba, o mesmo \u00e2ngulo do mini pilar onde se parafusa a pr\u00f3tese. O que possibilita a conex\u00e3o de uma pr\u00f3tese tipo protocolo diretamente sobre o implante, tendo os mesmos processos prot\u00e9ticos [&hellip;]<\/p>\n","protected":false},"featured_media":1296,"comment_status":"closed","ping_status":"closed","template":"","meta":{"_acf_changed":false},"product_brand":[],"product_cat":[33],"product_tag":[],"class_list":{"0":"post-1295","1":"product","2":"type-product","3":"status-publish","4":"has-post-thumbnail","6":"product_cat-cone-morse-hexagonal","8":"first","9":"instock","10":"shipping-taxable","11":"product-type-simple"},"acf":[],"yoast_head":"<!-- This site is optimized with the Yoast SEO plugin v27.4 - https:\/\/yoast.com\/product\/yoast-seo-wordpress\/ -->\n<title>Cone Morse Hexagonal - DSP Biomedical<\/title>\n<meta name=\"robots\" content=\"index, follow, max-snippet:-1, max-image-preview:large, max-video-preview:-1\" \/>\n<link rel=\"canonical\" href=\"https:\/\/dspbiomedical.com.br\/es\/producto\/cone-morse-hexagonal\/\" \/>\n<meta property=\"og:locale\" content=\"es_ES\" \/>\n<meta property=\"og:type\" content=\"article\" \/>\n<meta property=\"og:title\" content=\"Cone Morse Hexagonal - DSP Biomedical\" \/>\n<meta property=\"og:description\" content=\"Implante vers\u00e1til para migra\u00e7\u00e3o do sistema hex\u00e1gono externo para o Cone Morse. Os implantes CMH combinam a conex\u00e3o hex\u00e1gono interno com o morse de 40\u00ba, o mesmo \u00e2ngulo do mini pilar onde se parafusa a pr\u00f3tese. O que possibilita a conex\u00e3o de uma pr\u00f3tese tipo protocolo diretamente sobre o implante, tendo os mesmos processos prot\u00e9ticos [&hellip;]\" \/>\n<meta property=\"og:url\" content=\"https:\/\/dspbiomedical.com.br\/es\/producto\/cone-morse-hexagonal\/\" \/>\n<meta property=\"og:site_name\" content=\"DSP Biomedical\" \/>\n<meta property=\"og:image\" content=\"https:\/\/dspbiomedical.com.br\/wp-content\/uploads\/2024\/03\/cmh.webp\" \/>\n\t<meta property=\"og:image:width\" content=\"450\" \/>\n\t<meta property=\"og:image:height\" content=\"450\" \/>\n\t<meta property=\"og:image:type\" content=\"image\/webp\" \/>\n<meta name=\"twitter:card\" content=\"summary_large_image\" \/>\n<meta name=\"twitter:label1\" content=\"Tiempo de lectura\" \/>\n\t<meta name=\"twitter:data1\" content=\"1 minuto\" \/>\n<script type=\"application\/ld+json\" class=\"yoast-schema-graph\">{\"@context\":\"https:\\\/\\\/schema.org\",\"@graph\":[{\"@type\":\"WebPage\",\"@id\":\"https:\\\/\\\/dspbiomedical.com.br\\\/produto\\\/cone-morse-hexagonal\\\/\",\"url\":\"https:\\\/\\\/dspbiomedical.com.br\\\/produto\\\/cone-morse-hexagonal\\\/\",\"name\":\"Cone Morse Hexagonal - DSP Biomedical\",\"isPartOf\":{\"@id\":\"https:\\\/\\\/dspbiomedical.com.br\\\/#website\"},\"primaryImageOfPage\":{\"@id\":\"https:\\\/\\\/dspbiomedical.com.br\\\/produto\\\/cone-morse-hexagonal\\\/#primaryimage\"},\"image\":{\"@id\":\"https:\\\/\\\/dspbiomedical.com.br\\\/produto\\\/cone-morse-hexagonal\\\/#primaryimage\"},\"thumbnailUrl\":\"https:\\\/\\\/dspbiomedical.com.br\\\/wp-content\\\/uploads\\\/2024\\\/03\\\/cmh.webp\",\"datePublished\":\"2024-03-19T05:03:00+00:00\",\"breadcrumb\":{\"@id\":\"https:\\\/\\\/dspbiomedical.com.br\\\/produto\\\/cone-morse-hexagonal\\\/#breadcrumb\"},\"inLanguage\":\"es\",\"potentialAction\":[{\"@type\":\"ReadAction\",\"target\":[\"https:\\\/\\\/dspbiomedical.com.br\\\/produto\\\/cone-morse-hexagonal\\\/\"]}]},{\"@type\":\"ImageObject\",\"inLanguage\":\"es\",\"@id\":\"https:\\\/\\\/dspbiomedical.com.br\\\/produto\\\/cone-morse-hexagonal\\\/#primaryimage\",\"url\":\"https:\\\/\\\/dspbiomedical.com.br\\\/wp-content\\\/uploads\\\/2024\\\/03\\\/cmh.webp\",\"contentUrl\":\"https:\\\/\\\/dspbiomedical.com.br\\\/wp-content\\\/uploads\\\/2024\\\/03\\\/cmh.webp\",\"width\":450,\"height\":450,\"caption\":\"DSP Biomedical produz a mais completa linha de produtos para procedimentos de odontologia, cirurgia bucomaxilofacial e implantodontia do mercado nacional.\"},{\"@type\":\"BreadcrumbList\",\"@id\":\"https:\\\/\\\/dspbiomedical.com.br\\\/produto\\\/cone-morse-hexagonal\\\/#breadcrumb\",\"itemListElement\":[{\"@type\":\"ListItem\",\"position\":1,\"name\":\"In\u00edcio\",\"item\":\"https:\\\/\\\/dspbiomedical.com.br\\\/\"},{\"@type\":\"ListItem\",\"position\":2,\"name\":\"Produtos\",\"item\":\"https:\\\/\\\/dspbiomedical.com.br\\\/shop\\\/\"},{\"@type\":\"ListItem\",\"position\":3,\"name\":\"Cone Morse Hexagonal\"}]},{\"@type\":\"WebSite\",\"@id\":\"https:\\\/\\\/dspbiomedical.com.br\\\/#website\",\"url\":\"https:\\\/\\\/dspbiomedical.com.br\\\/\",\"name\":\"DSP Biomedical\",\"description\":\"\",\"publisher\":{\"@id\":\"https:\\\/\\\/dspbiomedical.com.br\\\/#organization\"},\"potentialAction\":[{\"@type\":\"SearchAction\",\"target\":{\"@type\":\"EntryPoint\",\"urlTemplate\":\"https:\\\/\\\/dspbiomedical.com.br\\\/?s={search_term_string}\"},\"query-input\":{\"@type\":\"PropertyValueSpecification\",\"valueRequired\":true,\"valueName\":\"search_term_string\"}}],\"inLanguage\":\"es\"},{\"@type\":\"Organization\",\"@id\":\"https:\\\/\\\/dspbiomedical.com.br\\\/#organization\",\"name\":\"DSP Biomedical\",\"url\":\"https:\\\/\\\/dspbiomedical.com.br\\\/\",\"logo\":{\"@type\":\"ImageObject\",\"inLanguage\":\"es\",\"@id\":\"https:\\\/\\\/dspbiomedical.com.br\\\/#\\\/schema\\\/logo\\\/image\\\/\",\"url\":\"https:\\\/\\\/dspbiomedical.com.br\\\/wp-content\\\/uploads\\\/2024\\\/03\\\/cropped-logo_site_topo.png.webp\",\"contentUrl\":\"https:\\\/\\\/dspbiomedical.com.br\\\/wp-content\\\/uploads\\\/2024\\\/03\\\/cropped-logo_site_topo.png.webp\",\"width\":117,\"height\":64,\"caption\":\"DSP Biomedical\"},\"image\":{\"@id\":\"https:\\\/\\\/dspbiomedical.com.br\\\/#\\\/schema\\\/logo\\\/image\\\/\"}}]}<\/script>\n<!-- \/ Yoast SEO plugin. -->","yoast_head_json":{"title":"Cone Morse Hexagonal - DSP Biomedical","robots":{"index":"index","follow":"follow","max-snippet":"max-snippet:-1","max-image-preview":"max-image-preview:large","max-video-preview":"max-video-preview:-1"},"canonical":"https:\/\/dspbiomedical.com.br\/es\/producto\/cone-morse-hexagonal\/","og_locale":"es_ES","og_type":"article","og_title":"Cone Morse Hexagonal - DSP Biomedical","og_description":"Implante vers\u00e1til para migra\u00e7\u00e3o do sistema hex\u00e1gono externo para o Cone Morse. Os implantes CMH combinam a conex\u00e3o hex\u00e1gono interno com o morse de 40\u00ba, o mesmo \u00e2ngulo do mini pilar onde se parafusa a pr\u00f3tese. O que possibilita a conex\u00e3o de uma pr\u00f3tese tipo protocolo diretamente sobre o implante, tendo os mesmos processos prot\u00e9ticos [&hellip;]","og_url":"https:\/\/dspbiomedical.com.br\/es\/producto\/cone-morse-hexagonal\/","og_site_name":"DSP Biomedical","og_image":[{"width":450,"height":450,"url":"https:\/\/dspbiomedical.com.br\/wp-content\/uploads\/2024\/03\/cmh.webp","type":"image\/webp"}],"twitter_card":"summary_large_image","twitter_misc":{"Tiempo de lectura":"1 minuto"},"schema":{"@context":"https:\/\/schema.org","@graph":[{"@type":"WebPage","@id":"https:\/\/dspbiomedical.com.br\/produto\/cone-morse-hexagonal\/","url":"https:\/\/dspbiomedical.com.br\/produto\/cone-morse-hexagonal\/","name":"Cone Morse Hexagonal - DSP Biomedical","isPartOf":{"@id":"https:\/\/dspbiomedical.com.br\/#website"},"primaryImageOfPage":{"@id":"https:\/\/dspbiomedical.com.br\/produto\/cone-morse-hexagonal\/#primaryimage"},"image":{"@id":"https:\/\/dspbiomedical.com.br\/produto\/cone-morse-hexagonal\/#primaryimage"},"thumbnailUrl":"https:\/\/dspbiomedical.com.br\/wp-content\/uploads\/2024\/03\/cmh.webp","datePublished":"2024-03-19T05:03:00+00:00","breadcrumb":{"@id":"https:\/\/dspbiomedical.com.br\/produto\/cone-morse-hexagonal\/#breadcrumb"},"inLanguage":"es","potentialAction":[{"@type":"ReadAction","target":["https:\/\/dspbiomedical.com.br\/produto\/cone-morse-hexagonal\/"]}]},{"@type":"ImageObject","inLanguage":"es","@id":"https:\/\/dspbiomedical.com.br\/produto\/cone-morse-hexagonal\/#primaryimage","url":"https:\/\/dspbiomedical.com.br\/wp-content\/uploads\/2024\/03\/cmh.webp","contentUrl":"https:\/\/dspbiomedical.com.br\/wp-content\/uploads\/2024\/03\/cmh.webp","width":450,"height":450,"caption":"DSP Biomedical produz a mais completa linha de produtos para procedimentos de odontologia, cirurgia bucomaxilofacial e implantodontia do mercado nacional."},{"@type":"BreadcrumbList","@id":"https:\/\/dspbiomedical.com.br\/produto\/cone-morse-hexagonal\/#breadcrumb","itemListElement":[{"@type":"ListItem","position":1,"name":"In\u00edcio","item":"https:\/\/dspbiomedical.com.br\/"},{"@type":"ListItem","position":2,"name":"Produtos","item":"https:\/\/dspbiomedical.com.br\/shop\/"},{"@type":"ListItem","position":3,"name":"Cone Morse Hexagonal"}]},{"@type":"WebSite","@id":"https:\/\/dspbiomedical.com.br\/#website","url":"https:\/\/dspbiomedical.com.br\/","name":"DSP Biomedical","description":"","publisher":{"@id":"https:\/\/dspbiomedical.com.br\/#organization"},"potentialAction":[{"@type":"SearchAction","target":{"@type":"EntryPoint","urlTemplate":"https:\/\/dspbiomedical.com.br\/?s={search_term_string}"},"query-input":{"@type":"PropertyValueSpecification","valueRequired":true,"valueName":"search_term_string"}}],"inLanguage":"es"},{"@type":"Organization","@id":"https:\/\/dspbiomedical.com.br\/#organization","name":"DSP Biomedical","url":"https:\/\/dspbiomedical.com.br\/","logo":{"@type":"ImageObject","inLanguage":"es","@id":"https:\/\/dspbiomedical.com.br\/#\/schema\/logo\/image\/","url":"https:\/\/dspbiomedical.com.br\/wp-content\/uploads\/2024\/03\/cropped-logo_site_topo.png.webp","contentUrl":"https:\/\/dspbiomedical.com.br\/wp-content\/uploads\/2024\/03\/cropped-logo_site_topo.png.webp","width":117,"height":64,"caption":"DSP Biomedical"},"image":{"@id":"https:\/\/dspbiomedical.com.br\/#\/schema\/logo\/image\/"}}]}},"_links":{"self":[{"href":"https:\/\/dspbiomedical.com.br\/es\/wp-json\/wp\/v2\/product\/1295","targetHints":{"allow":["GET"]}}],"collection":[{"href":"https:\/\/dspbiomedical.com.br\/es\/wp-json\/wp\/v2\/product"}],"about":[{"href":"https:\/\/dspbiomedical.com.br\/es\/wp-json\/wp\/v2\/types\/product"}],"replies":[{"embeddable":true,"href":"https:\/\/dspbiomedical.com.br\/es\/wp-json\/wp\/v2\/comments?post=1295"}],"wp:featuredmedia":[{"embeddable":true,"href":"https:\/\/dspbiomedical.com.br\/es\/wp-json\/wp\/v2\/media\/1296"}],"wp:attachment":[{"href":"https:\/\/dspbiomedical.com.br\/es\/wp-json\/wp\/v2\/media?parent=1295"}],"wp:term":[{"taxonomy":"product_brand","embeddable":true,"href":"https:\/\/dspbiomedical.com.br\/es\/wp-json\/wp\/v2\/product_brand?post=1295"},{"taxonomy":"product_cat","embeddable":true,"href":"https:\/\/dspbiomedical.com.br\/es\/wp-json\/wp\/v2\/product_cat?post=1295"},{"taxonomy":"product_tag","embeddable":true,"href":"https:\/\/dspbiomedical.com.br\/es\/wp-json\/wp\/v2\/product_tag?post=1295"}],"curies":[{"name":"wp","href":"https:\/\/api.w.org\/{rel}","templated":true}]}}