{"id":529,"date":"2024-03-16T17:34:36","date_gmt":"2024-03-16T20:34:36","guid":{"rendered":"https:\/\/dspbiomedical.com.br\/?post_type=product&#038;p=529"},"modified":"2024-03-16T18:17:02","modified_gmt":"2024-03-16T21:17:02","slug":"hexagono-externo-slim","status":"publish","type":"product","link":"https:\/\/dspbiomedical.com.br\/es\/producto\/hexagono-externo-slim\/","title":{"rendered":"Hex\u00e1gono Externo \u2013 Slim"},"content":{"rendered":"<p>\u2022 Hex\u00e1gono externo 3.3.<br \/>\n\u2022 Plataforma slim.<br \/>\n\u2022 Instala\u00e7\u00e3o com montador.<br \/>\n\u2022 Excelente est\u00e9tica<br \/>\n\u2022 Componentes prot\u00e9ticos unit\u00e1rios e m\u00faltiplos.<br \/>\n\u2022 Estabilidade prim\u00e1ria e secund\u00e1ria.<\/p>\n<p>Os implantes HE Slim possuem corpo cil\u00edndrico, colar polido, e roscas triangulares com alto poder de compacta\u00e7\u00e3o.<\/p>","protected":false},"excerpt":{"rendered":"<p>\u2022 Hex\u00e1gono externo 3.3. \u2022 Plataforma slim. \u2022 Instala\u00e7\u00e3o com montador. \u2022 Excelente est\u00e9tica \u2022 Componentes prot\u00e9ticos unit\u00e1rios e m\u00faltiplos. \u2022 Estabilidade prim\u00e1ria e secund\u00e1ria. Os implantes HE Slim possuem corpo cil\u00edndrico, colar polido, e roscas triangulares com alto poder de compacta\u00e7\u00e3o.<\/p>","protected":false},"featured_media":530,"comment_status":"closed","ping_status":"closed","template":"","meta":{"_acf_changed":false},"product_brand":[],"product_cat":[26],"product_tag":[],"class_list":{"0":"post-529","1":"product","2":"type-product","3":"status-publish","4":"has-post-thumbnail","6":"product_cat-hexagono-externo","8":"first","9":"instock","10":"shipping-taxable","11":"product-type-simple"},"acf":[],"yoast_head":"<!-- This site is optimized with the Yoast SEO plugin v27.4 - https:\/\/yoast.com\/product\/yoast-seo-wordpress\/ -->\n<title>Hex\u00e1gono Externo \u2013 Slim - DSP Biomedical<\/title>\n<meta name=\"robots\" content=\"index, follow, max-snippet:-1, max-image-preview:large, max-video-preview:-1\" \/>\n<link rel=\"canonical\" href=\"https:\/\/dspbiomedical.com.br\/es\/producto\/hexagono-externo-slim\/\" \/>\n<meta property=\"og:locale\" content=\"es_ES\" \/>\n<meta property=\"og:type\" content=\"article\" \/>\n<meta property=\"og:title\" content=\"Hex\u00e1gono Externo \u2013 Slim - DSP Biomedical\" \/>\n<meta property=\"og:description\" content=\"\u2022 Hex\u00e1gono externo 3.3. \u2022 Plataforma slim. \u2022 Instala\u00e7\u00e3o com montador. \u2022 Excelente est\u00e9tica \u2022 Componentes prot\u00e9ticos unit\u00e1rios e m\u00faltiplos. \u2022 Estabilidade prim\u00e1ria e secund\u00e1ria. Os implantes HE Slim possuem corpo cil\u00edndrico, colar polido, e roscas triangulares com alto poder de compacta\u00e7\u00e3o.\" \/>\n<meta property=\"og:url\" content=\"https:\/\/dspbiomedical.com.br\/es\/producto\/hexagono-externo-slim\/\" \/>\n<meta property=\"og:site_name\" content=\"DSP Biomedical\" \/>\n<meta property=\"article:modified_time\" content=\"2024-03-16T21:17:02+00:00\" \/>\n<meta property=\"og:image\" content=\"https:\/\/dspbiomedical.com.br\/wp-content\/uploads\/2024\/03\/he-slim-implante.webp\" \/>\n\t<meta property=\"og:image:width\" content=\"900\" \/>\n\t<meta property=\"og:image:height\" content=\"900\" \/>\n\t<meta property=\"og:image:type\" content=\"image\/webp\" \/>\n<meta name=\"twitter:card\" content=\"summary_large_image\" \/>\n<meta name=\"twitter:label1\" content=\"Tiempo de lectura\" \/>\n\t<meta name=\"twitter:data1\" content=\"1 minuto\" \/>\n<script type=\"application\/ld+json\" class=\"yoast-schema-graph\">{\"@context\":\"https:\\\/\\\/schema.org\",\"@graph\":[{\"@type\":\"WebPage\",\"@id\":\"https:\\\/\\\/dspbiomedical.com.br\\\/produto\\\/hexagono-externo-slim\\\/\",\"url\":\"https:\\\/\\\/dspbiomedical.com.br\\\/produto\\\/hexagono-externo-slim\\\/\",\"name\":\"Hex\u00e1gono Externo \u2013 Slim - DSP Biomedical\",\"isPartOf\":{\"@id\":\"https:\\\/\\\/dspbiomedical.com.br\\\/#website\"},\"primaryImageOfPage\":{\"@id\":\"https:\\\/\\\/dspbiomedical.com.br\\\/produto\\\/hexagono-externo-slim\\\/#primaryimage\"},\"image\":{\"@id\":\"https:\\\/\\\/dspbiomedical.com.br\\\/produto\\\/hexagono-externo-slim\\\/#primaryimage\"},\"thumbnailUrl\":\"https:\\\/\\\/dspbiomedical.com.br\\\/wp-content\\\/uploads\\\/2024\\\/03\\\/he-slim-implante.webp\",\"datePublished\":\"2024-03-16T20:34:36+00:00\",\"dateModified\":\"2024-03-16T21:17:02+00:00\",\"breadcrumb\":{\"@id\":\"https:\\\/\\\/dspbiomedical.com.br\\\/produto\\\/hexagono-externo-slim\\\/#breadcrumb\"},\"inLanguage\":\"es\",\"potentialAction\":[{\"@type\":\"ReadAction\",\"target\":[\"https:\\\/\\\/dspbiomedical.com.br\\\/produto\\\/hexagono-externo-slim\\\/\"]}]},{\"@type\":\"ImageObject\",\"inLanguage\":\"es\",\"@id\":\"https:\\\/\\\/dspbiomedical.com.br\\\/produto\\\/hexagono-externo-slim\\\/#primaryimage\",\"url\":\"https:\\\/\\\/dspbiomedical.com.br\\\/wp-content\\\/uploads\\\/2024\\\/03\\\/he-slim-implante.webp\",\"contentUrl\":\"https:\\\/\\\/dspbiomedical.com.br\\\/wp-content\\\/uploads\\\/2024\\\/03\\\/he-slim-implante.webp\",\"width\":900,\"height\":900,\"caption\":\"DSP Biomedical produz a mais completa linha de produtos para procedimentos de odontologia, cirurgia bucomaxilofacial e implantodontia do mercado nacional.\"},{\"@type\":\"BreadcrumbList\",\"@id\":\"https:\\\/\\\/dspbiomedical.com.br\\\/produto\\\/hexagono-externo-slim\\\/#breadcrumb\",\"itemListElement\":[{\"@type\":\"ListItem\",\"position\":1,\"name\":\"In\u00edcio\",\"item\":\"https:\\\/\\\/dspbiomedical.com.br\\\/\"},{\"@type\":\"ListItem\",\"position\":2,\"name\":\"Produtos\",\"item\":\"https:\\\/\\\/dspbiomedical.com.br\\\/shop\\\/\"},{\"@type\":\"ListItem\",\"position\":3,\"name\":\"Hex\u00e1gono Externo \u2013 Slim\"}]},{\"@type\":\"WebSite\",\"@id\":\"https:\\\/\\\/dspbiomedical.com.br\\\/#website\",\"url\":\"https:\\\/\\\/dspbiomedical.com.br\\\/\",\"name\":\"DSP Biomedical\",\"description\":\"\",\"publisher\":{\"@id\":\"https:\\\/\\\/dspbiomedical.com.br\\\/#organization\"},\"potentialAction\":[{\"@type\":\"SearchAction\",\"target\":{\"@type\":\"EntryPoint\",\"urlTemplate\":\"https:\\\/\\\/dspbiomedical.com.br\\\/?s={search_term_string}\"},\"query-input\":{\"@type\":\"PropertyValueSpecification\",\"valueRequired\":true,\"valueName\":\"search_term_string\"}}],\"inLanguage\":\"es\"},{\"@type\":\"Organization\",\"@id\":\"https:\\\/\\\/dspbiomedical.com.br\\\/#organization\",\"name\":\"DSP Biomedical\",\"url\":\"https:\\\/\\\/dspbiomedical.com.br\\\/\",\"logo\":{\"@type\":\"ImageObject\",\"inLanguage\":\"es\",\"@id\":\"https:\\\/\\\/dspbiomedical.com.br\\\/#\\\/schema\\\/logo\\\/image\\\/\",\"url\":\"https:\\\/\\\/dspbiomedical.com.br\\\/wp-content\\\/uploads\\\/2024\\\/03\\\/cropped-logo_site_topo.png.webp\",\"contentUrl\":\"https:\\\/\\\/dspbiomedical.com.br\\\/wp-content\\\/uploads\\\/2024\\\/03\\\/cropped-logo_site_topo.png.webp\",\"width\":117,\"height\":64,\"caption\":\"DSP Biomedical\"},\"image\":{\"@id\":\"https:\\\/\\\/dspbiomedical.com.br\\\/#\\\/schema\\\/logo\\\/image\\\/\"}}]}<\/script>\n<!-- \/ Yoast SEO plugin. -->","yoast_head_json":{"title":"Hex\u00e1gono Externo \u2013 Slim - DSP Biomedical","robots":{"index":"index","follow":"follow","max-snippet":"max-snippet:-1","max-image-preview":"max-image-preview:large","max-video-preview":"max-video-preview:-1"},"canonical":"https:\/\/dspbiomedical.com.br\/es\/producto\/hexagono-externo-slim\/","og_locale":"es_ES","og_type":"article","og_title":"Hex\u00e1gono Externo \u2013 Slim - DSP Biomedical","og_description":"\u2022 Hex\u00e1gono externo 3.3. \u2022 Plataforma slim. \u2022 Instala\u00e7\u00e3o com montador. \u2022 Excelente est\u00e9tica \u2022 Componentes prot\u00e9ticos unit\u00e1rios e m\u00faltiplos. \u2022 Estabilidade prim\u00e1ria e secund\u00e1ria. Os implantes HE Slim possuem corpo cil\u00edndrico, colar polido, e roscas triangulares com alto poder de compacta\u00e7\u00e3o.","og_url":"https:\/\/dspbiomedical.com.br\/es\/producto\/hexagono-externo-slim\/","og_site_name":"DSP Biomedical","article_modified_time":"2024-03-16T21:17:02+00:00","og_image":[{"width":900,"height":900,"url":"https:\/\/dspbiomedical.com.br\/wp-content\/uploads\/2024\/03\/he-slim-implante.webp","type":"image\/webp"}],"twitter_card":"summary_large_image","twitter_misc":{"Tiempo de lectura":"1 minuto"},"schema":{"@context":"https:\/\/schema.org","@graph":[{"@type":"WebPage","@id":"https:\/\/dspbiomedical.com.br\/produto\/hexagono-externo-slim\/","url":"https:\/\/dspbiomedical.com.br\/produto\/hexagono-externo-slim\/","name":"Hex\u00e1gono Externo \u2013 Slim - DSP Biomedical","isPartOf":{"@id":"https:\/\/dspbiomedical.com.br\/#website"},"primaryImageOfPage":{"@id":"https:\/\/dspbiomedical.com.br\/produto\/hexagono-externo-slim\/#primaryimage"},"image":{"@id":"https:\/\/dspbiomedical.com.br\/produto\/hexagono-externo-slim\/#primaryimage"},"thumbnailUrl":"https:\/\/dspbiomedical.com.br\/wp-content\/uploads\/2024\/03\/he-slim-implante.webp","datePublished":"2024-03-16T20:34:36+00:00","dateModified":"2024-03-16T21:17:02+00:00","breadcrumb":{"@id":"https:\/\/dspbiomedical.com.br\/produto\/hexagono-externo-slim\/#breadcrumb"},"inLanguage":"es","potentialAction":[{"@type":"ReadAction","target":["https:\/\/dspbiomedical.com.br\/produto\/hexagono-externo-slim\/"]}]},{"@type":"ImageObject","inLanguage":"es","@id":"https:\/\/dspbiomedical.com.br\/produto\/hexagono-externo-slim\/#primaryimage","url":"https:\/\/dspbiomedical.com.br\/wp-content\/uploads\/2024\/03\/he-slim-implante.webp","contentUrl":"https:\/\/dspbiomedical.com.br\/wp-content\/uploads\/2024\/03\/he-slim-implante.webp","width":900,"height":900,"caption":"DSP Biomedical produz a mais completa linha de produtos para procedimentos de odontologia, cirurgia bucomaxilofacial e implantodontia do mercado nacional."},{"@type":"BreadcrumbList","@id":"https:\/\/dspbiomedical.com.br\/produto\/hexagono-externo-slim\/#breadcrumb","itemListElement":[{"@type":"ListItem","position":1,"name":"In\u00edcio","item":"https:\/\/dspbiomedical.com.br\/"},{"@type":"ListItem","position":2,"name":"Produtos","item":"https:\/\/dspbiomedical.com.br\/shop\/"},{"@type":"ListItem","position":3,"name":"Hex\u00e1gono Externo \u2013 Slim"}]},{"@type":"WebSite","@id":"https:\/\/dspbiomedical.com.br\/#website","url":"https:\/\/dspbiomedical.com.br\/","name":"DSP Biomedical","description":"","publisher":{"@id":"https:\/\/dspbiomedical.com.br\/#organization"},"potentialAction":[{"@type":"SearchAction","target":{"@type":"EntryPoint","urlTemplate":"https:\/\/dspbiomedical.com.br\/?s={search_term_string}"},"query-input":{"@type":"PropertyValueSpecification","valueRequired":true,"valueName":"search_term_string"}}],"inLanguage":"es"},{"@type":"Organization","@id":"https:\/\/dspbiomedical.com.br\/#organization","name":"DSP Biomedical","url":"https:\/\/dspbiomedical.com.br\/","logo":{"@type":"ImageObject","inLanguage":"es","@id":"https:\/\/dspbiomedical.com.br\/#\/schema\/logo\/image\/","url":"https:\/\/dspbiomedical.com.br\/wp-content\/uploads\/2024\/03\/cropped-logo_site_topo.png.webp","contentUrl":"https:\/\/dspbiomedical.com.br\/wp-content\/uploads\/2024\/03\/cropped-logo_site_topo.png.webp","width":117,"height":64,"caption":"DSP Biomedical"},"image":{"@id":"https:\/\/dspbiomedical.com.br\/#\/schema\/logo\/image\/"}}]}},"_links":{"self":[{"href":"https:\/\/dspbiomedical.com.br\/es\/wp-json\/wp\/v2\/product\/529","targetHints":{"allow":["GET"]}}],"collection":[{"href":"https:\/\/dspbiomedical.com.br\/es\/wp-json\/wp\/v2\/product"}],"about":[{"href":"https:\/\/dspbiomedical.com.br\/es\/wp-json\/wp\/v2\/types\/product"}],"replies":[{"embeddable":true,"href":"https:\/\/dspbiomedical.com.br\/es\/wp-json\/wp\/v2\/comments?post=529"}],"wp:featuredmedia":[{"embeddable":true,"href":"https:\/\/dspbiomedical.com.br\/es\/wp-json\/wp\/v2\/media\/530"}],"wp:attachment":[{"href":"https:\/\/dspbiomedical.com.br\/es\/wp-json\/wp\/v2\/media?parent=529"}],"wp:term":[{"taxonomy":"product_brand","embeddable":true,"href":"https:\/\/dspbiomedical.com.br\/es\/wp-json\/wp\/v2\/product_brand?post=529"},{"taxonomy":"product_cat","embeddable":true,"href":"https:\/\/dspbiomedical.com.br\/es\/wp-json\/wp\/v2\/product_cat?post=529"},{"taxonomy":"product_tag","embeddable":true,"href":"https:\/\/dspbiomedical.com.br\/es\/wp-json\/wp\/v2\/product_tag?post=529"}],"curies":[{"name":"wp","href":"https:\/\/api.w.org\/{rel}","templated":true}]}}